{"id":569,"date":"2023-11-24T16:22:38","date_gmt":"2023-11-24T08:22:38","guid":{"rendered":"https:\/\/upvcsupplier.com\/?post_type=product&#038;p=569"},"modified":"2025-02-24T15:02:51","modified_gmt":"2025-02-24T07:02:51","slug":"tilted-ridge-tile-for-asa-spanish-1050-roof-sheet","status":"publish","type":"product","link":"https:\/\/www.upvcsupplier.com\/es\/producto\/tilted-ridge-tile-for-asa-spanish-1050-roof-sheet\/","title":{"rendered":"Teja de cumbrera inclinada para l\u00e1mina de techo ASA Spanish 1050"},"content":{"rendered":"<div data-elementor-type=\"product-post\" data-elementor-id=\"569\" class=\"elementor elementor-569\" data-elementor-post-type=\"product\">\n\t\t\t\t\t\t<section class=\"wd-negative-gap elementor-section elementor-top-section elementor-element elementor-element-53fb78e elementor-section-content-middle elementor-section-boxed elementor-section-height-default elementor-section-height-default\" data-id=\"53fb78e\" data-element_type=\"section\">\n\t\t\t\t\t\t<div class=\"elementor-container elementor-column-gap-default\">\n\t\t\t\t\t<div class=\"elementor-column elementor-col-50 elementor-top-column elementor-element elementor-element-5bbb831\" data-id=\"5bbb831\" data-element_type=\"column\">\n\t\t\t<div class=\"elementor-widget-wrap elementor-element-populated\">\n\t\t\t\t\t\t<div class=\"elementor-element elementor-element-51368ab elementor-widget elementor-widget-wd_text_block\" data-id=\"51368ab\" data-element_type=\"widget\" data-widget_type=\"wd_text_block.default\">\n\t\t\t\t<div class=\"elementor-widget-container\">\n\t\t\t\t\t\t\t<div class=\"wd-text-block reset-last-child text-left\">\n\t\t\t\n\t\t\t<p><strong>Teja de cumbrera inclinada para l\u00e1mina de techo ASA Spanish 1050<\/strong><\/p><p>ASA Spanish Roof Sheet Is One Of The Most Popular Profiles In The XINGFA Product Line, Prized For Its Simple One-Piece Design, <br \/>Que exhibe un patr\u00f3n corrugado \u00fanico en la superficie del techo.<br \/>En comparaci\u00f3n con las tejas de arcilla, las l\u00e1minas para techos coloniales espa\u00f1oles pueden realzar casi cualquier estilo arquitect\u00f3nico.<\/p>\n\t\t\t\t\t<\/div>\n\t\t\t\t\t\t<\/div>\n\t\t\t\t<\/div>\n\t\t\t\t\t<\/div>\n\t\t<\/div>\n\t\t\t\t<div class=\"elementor-column elementor-col-50 elementor-top-column elementor-element elementor-element-bcb2936\" data-id=\"bcb2936\" data-element_type=\"column\">\n\t\t\t<div class=\"elementor-widget-wrap\">\n\t\t\t\t\t\t\t<\/div>\n\t\t<\/div>\n\t\t\t\t\t<\/div>\n\t\t<\/section>\n\t\t\t\t<section class=\"wd-negative-gap elementor-section elementor-top-section elementor-element elementor-element-6be8a15 elementor-section-boxed elementor-section-height-default elementor-section-height-default\" data-id=\"6be8a15\" data-element_type=\"section\">\n\t\t\t\t\t\t<div class=\"elementor-container elementor-column-gap-default\">\n\t\t\t\t\t<div class=\"elementor-column elementor-col-100 elementor-top-column elementor-element elementor-element-ba8eaaa\" data-id=\"ba8eaaa\" data-element_type=\"column\">\n\t\t\t<div class=\"elementor-widget-wrap elementor-element-populated\">\n\t\t\t\t\t\t<div class=\"elementor-element elementor-element-c017c82 elementor-widget elementor-widget-image\" data-id=\"c017c82\" data-element_type=\"widget\" data-widget_type=\"image.default\">\n\t\t\t\t<div class=\"elementor-widget-container\">\n\t\t\t\t\t\t\t\t\t\t\t\t\t\t\t<img fetchpriority=\"high\" decoding=\"async\" width=\"1024\" height=\"335\" src=\"https:\/\/www.upvcsupplier.com\/wp-content\/uploads\/2023\/11\/XINGFA-ASAPVC-Color-1-1024x335.jpg\" class=\"attachment-large size-large wp-image-5706\" alt=\"\" srcset=\"https:\/\/www.upvcsupplier.com\/wp-content\/uploads\/2023\/11\/XINGFA-ASAPVC-Color-1-1024x335.jpg 1024w, https:\/\/www.upvcsupplier.com\/wp-content\/uploads\/2023\/11\/XINGFA-ASAPVC-Color-1-300x98.jpg 300w, https:\/\/www.upvcsupplier.com\/wp-content\/uploads\/2023\/11\/XINGFA-ASAPVC-Color-1-768x251.jpg 768w, https:\/\/www.upvcsupplier.com\/wp-content\/uploads\/2023\/11\/XINGFA-ASAPVC-Color-1-18x6.jpg 18w, https:\/\/www.upvcsupplier.com\/wp-content\/uploads\/2023\/11\/XINGFA-ASAPVC-Color-1-600x196.jpg 600w, https:\/\/www.upvcsupplier.com\/wp-content\/uploads\/2023\/11\/XINGFA-ASAPVC-Color-1-150x49.jpg 150w, https:\/\/www.upvcsupplier.com\/wp-content\/uploads\/2023\/11\/XINGFA-ASAPVC-Color-1.jpg 1200w\" sizes=\"(max-width: 1024px) 100vw, 1024px\" \/>\t\t\t\t\t\t\t\t\t\t\t\t\t\t\t<\/div>\n\t\t\t\t<\/div>\n\t\t\t\t<div class=\"elementor-element elementor-element-423ddb5 elementor-widget elementor-widget-wd_image_or_svg\" data-id=\"423ddb5\" data-element_type=\"widget\" data-widget_type=\"wd_image_or_svg.default\">\n\t\t\t\t<div class=\"elementor-widget-container\">\n\t\t\t\t\t\n\t\t<div class=\"wd-image text-left\">\n\t\t\t\t\t\t\t\t<img decoding=\"async\" width=\"1003\" height=\"940\" src=\"https:\/\/www.upvcsupplier.com\/wp-content\/uploads\/2023\/11\/PVC-tejas-2.png\" class=\"attachment-full size-full\" alt=\"\" srcset=\"https:\/\/www.upvcsupplier.com\/wp-content\/uploads\/2023\/11\/PVC-tejas-2.png 1003w, https:\/\/www.upvcsupplier.com\/wp-content\/uploads\/2023\/11\/PVC-tejas-2-300x281.png 300w, https:\/\/www.upvcsupplier.com\/wp-content\/uploads\/2023\/11\/PVC-tejas-2-768x720.png 768w, https:\/\/www.upvcsupplier.com\/wp-content\/uploads\/2023\/11\/PVC-tejas-2-13x12.png 13w, https:\/\/www.upvcsupplier.com\/wp-content\/uploads\/2023\/11\/PVC-tejas-2-600x562.png 600w, https:\/\/www.upvcsupplier.com\/wp-content\/uploads\/2023\/11\/PVC-tejas-2-150x141.png 150w\" sizes=\"(max-width: 1003px) 100vw, 1003px\" \/>\t\t\t\t\t<\/div>\n\n\t\t\t\t\t\t<\/div>\n\t\t\t\t<\/div>\n\t\t\t\t\t<\/div>\n\t\t<\/div>\n\t\t\t\t\t<\/div>\n\t\t<\/section>\n\t\t\t\t<section class=\"wd-negative-gap elementor-section elementor-top-section elementor-element elementor-element-838f660 elementor-section-boxed elementor-section-height-default elementor-section-height-default\" data-id=\"838f660\" data-element_type=\"section\">\n\t\t\t\t\t\t<div class=\"elementor-container elementor-column-gap-default\">\n\t\t\t\t\t<div class=\"elementor-column elementor-col-100 elementor-top-column elementor-element elementor-element-c60f4a0\" data-id=\"c60f4a0\" data-element_type=\"column\">\n\t\t\t<div class=\"elementor-widget-wrap elementor-element-populated\">\n\t\t\t\t\t\t<div class=\"elementor-element elementor-element-c7ca3b0 wd-width-100 elementor-widget elementor-widget-wd_images_gallery\" data-id=\"c7ca3b0\" data-element_type=\"widget\" data-widget_type=\"wd_images_gallery.default\">\n\t\t\t\t<div class=\"elementor-widget-container\">\n\t\t\t\t\t\t\t<div class=\"wd-images-gallery photoswipe-images wd-carousel-container wd-carousel-dis-mb wd-off-md wd-off-sm\" style=\"--wd-align-items:center; --wd-justify-content:center;\">\n\t\t\t\t\t\t\t<div class=\"wd-carousel-inner\">\n\t\t\t\t\t\t<div class=\"wd-carousel wd-grid\" style=\"--wd-col-lg:3;--wd-col-md:3;--wd-col-sm:1;--wd-gap-lg:30px;--wd-gap-sm:10px;\">\n\t\t\t\t\t\t\t\t\t<div class=\"wd-carousel-wrap\">\n\t\t\t\t\t\t\t\t\t\t\t\t\t\t\t\t\t\t<div class=\"wd-gallery-item wd-carousel-item\">\n\t\t\t\t\t\t\t\t\t\t\t\t\t<a  href=\"https:\/\/www.upvcsupplier.com\/wp-content\/uploads\/2023\/11\/Spanish-1050-\u6811\u8102\u74e6\u901a\u7528-2.jpg\" data-width=\"1280\" data-height=\"720\" data-index=\"1\" data-elementor-open-lightbox=\"no\">\n\t\t\t\t\t\t\n\t\t\t\t\t\t<img decoding=\"async\" width=\"1024\" height=\"576\" src=\"https:\/\/www.upvcsupplier.com\/wp-content\/uploads\/2023\/11\/Spanish-1050-\u6811\u8102\u74e6\u901a\u7528-2-1024x576.jpg\" class=\"attachment-large size-large\" alt=\"Spanish 1050 \u6811\u8102\u74e6\u901a\u7528-2\" srcset=\"https:\/\/www.upvcsupplier.com\/wp-content\/uploads\/2023\/11\/Spanish-1050-\u6811\u8102\u74e6\u901a\u7528-2-1024x576.jpg 1024w, https:\/\/www.upvcsupplier.com\/wp-content\/uploads\/2023\/11\/Spanish-1050-\u6811\u8102\u74e6\u901a\u7528-2-300x169.jpg 300w, https:\/\/www.upvcsupplier.com\/wp-content\/uploads\/2023\/11\/Spanish-1050-\u6811\u8102\u74e6\u901a\u7528-2-768x432.jpg 768w, https:\/\/www.upvcsupplier.com\/wp-content\/uploads\/2023\/11\/Spanish-1050-\u6811\u8102\u74e6\u901a\u7528-2-18x10.jpg 18w, https:\/\/www.upvcsupplier.com\/wp-content\/uploads\/2023\/11\/Spanish-1050-\u6811\u8102\u74e6\u901a\u7528-2-600x338.jpg 600w, https:\/\/www.upvcsupplier.com\/wp-content\/uploads\/2023\/11\/Spanish-1050-\u6811\u8102\u74e6\u901a\u7528-2-150x84.jpg 150w, https:\/\/www.upvcsupplier.com\/wp-content\/uploads\/2023\/11\/Spanish-1050-\u6811\u8102\u74e6\u901a\u7528-2.jpg 1280w\" sizes=\"(max-width: 1024px) 100vw, 1024px\" \/>\n\t\t\t\t\t\t\t\t\t\t\t\t\t<\/a>\n\t\t\t\t\t\t\t\t\t\t\t<\/div>\n\t\t\t\t\t\t\t\t\t\t\t\t\t\t\t<div class=\"wd-gallery-item wd-carousel-item\">\n\t\t\t\t\t\t\t\t\t\t\t\t\t<a  href=\"https:\/\/www.upvcsupplier.com\/wp-content\/uploads\/2023\/11\/Spanish-1050-\u6811\u8102\u74e6\u901a\u7528-1.jpg\" data-width=\"1280\" data-height=\"720\" data-index=\"2\" data-elementor-open-lightbox=\"no\">\n\t\t\t\t\t\t\n\t\t\t\t\t\t<img loading=\"lazy\" decoding=\"async\" width=\"1024\" height=\"576\" src=\"https:\/\/www.upvcsupplier.com\/wp-content\/uploads\/2023\/11\/Spanish-1050-\u6811\u8102\u74e6\u901a\u7528-1-1024x576.jpg\" class=\"attachment-large size-large\" alt=\"Spanish 1050 \u6811\u8102\u74e6\u901a\u7528-1\" srcset=\"https:\/\/www.upvcsupplier.com\/wp-content\/uploads\/2023\/11\/Spanish-1050-\u6811\u8102\u74e6\u901a\u7528-1-1024x576.jpg 1024w, https:\/\/www.upvcsupplier.com\/wp-content\/uploads\/2023\/11\/Spanish-1050-\u6811\u8102\u74e6\u901a\u7528-1-300x169.jpg 300w, https:\/\/www.upvcsupplier.com\/wp-content\/uploads\/2023\/11\/Spanish-1050-\u6811\u8102\u74e6\u901a\u7528-1-768x432.jpg 768w, https:\/\/www.upvcsupplier.com\/wp-content\/uploads\/2023\/11\/Spanish-1050-\u6811\u8102\u74e6\u901a\u7528-1-18x10.jpg 18w, https:\/\/www.upvcsupplier.com\/wp-content\/uploads\/2023\/11\/Spanish-1050-\u6811\u8102\u74e6\u901a\u7528-1-600x338.jpg 600w, https:\/\/www.upvcsupplier.com\/wp-content\/uploads\/2023\/11\/Spanish-1050-\u6811\u8102\u74e6\u901a\u7528-1-150x84.jpg 150w, https:\/\/www.upvcsupplier.com\/wp-content\/uploads\/2023\/11\/Spanish-1050-\u6811\u8102\u74e6\u901a\u7528-1.jpg 1280w\" sizes=\"(max-width: 1024px) 100vw, 1024px\" \/>\n\t\t\t\t\t\t\t\t\t\t\t\t\t<\/a>\n\t\t\t\t\t\t\t\t\t\t\t<\/div>\n\t\t\t\t\t\t\t\t\t\t\t\t\t\t\t<div class=\"wd-gallery-item wd-carousel-item\">\n\t\t\t\t\t\t\t\t\t\t\t\t\t<a  href=\"https:\/\/www.upvcsupplier.com\/wp-content\/uploads\/2023\/11\/Spanish-1050-\u6811\u8102\u74e6\u901a\u7528-3.jpg.png\" data-width=\"1200\" data-height=\"720\" data-index=\"3\" data-elementor-open-lightbox=\"no\">\n\t\t\t\t\t\t\n\t\t\t\t\t\t<img loading=\"lazy\" decoding=\"async\" width=\"1024\" height=\"614\" src=\"https:\/\/www.upvcsupplier.com\/wp-content\/uploads\/2023\/11\/Spanish-1050-\u6811\u8102\u74e6\u901a\u7528-3.jpg-1024x614.png\" class=\"attachment-large size-large\" alt=\"Spanish 1050 \u6811\u8102\u74e6\u901a\u7528-3.jpg\" srcset=\"https:\/\/www.upvcsupplier.com\/wp-content\/uploads\/2023\/11\/Spanish-1050-\u6811\u8102\u74e6\u901a\u7528-3.jpg-1024x614.png 1024w, https:\/\/www.upvcsupplier.com\/wp-content\/uploads\/2023\/11\/Spanish-1050-\u6811\u8102\u74e6\u901a\u7528-3.jpg-300x180.png 300w, https:\/\/www.upvcsupplier.com\/wp-content\/uploads\/2023\/11\/Spanish-1050-\u6811\u8102\u74e6\u901a\u7528-3.jpg-768x461.png 768w, https:\/\/www.upvcsupplier.com\/wp-content\/uploads\/2023\/11\/Spanish-1050-\u6811\u8102\u74e6\u901a\u7528-3.jpg-18x12.png 18w, https:\/\/www.upvcsupplier.com\/wp-content\/uploads\/2023\/11\/Spanish-1050-\u6811\u8102\u74e6\u901a\u7528-3.jpg-600x360.png 600w, https:\/\/www.upvcsupplier.com\/wp-content\/uploads\/2023\/11\/Spanish-1050-\u6811\u8102\u74e6\u901a\u7528-3.jpg-150x90.png 150w, https:\/\/www.upvcsupplier.com\/wp-content\/uploads\/2023\/11\/Spanish-1050-\u6811\u8102\u74e6\u901a\u7528-3.jpg.png 1200w\" sizes=\"(max-width: 1024px) 100vw, 1024px\" \/>\n\t\t\t\t\t\t\t\t\t\t\t\t\t<\/a>\n\t\t\t\t\t\t\t\t\t\t\t<\/div>\n\t\t\t\t\t\t\t\t\t\t\t\t\t\t\t<div class=\"wd-gallery-item wd-carousel-item\">\n\t\t\t\t\t\t\t\t\t\t\t\t\t<a  href=\"https:\/\/www.upvcsupplier.com\/wp-content\/uploads\/2023\/11\/Spanish-1050-\u6811\u8102\u74e6\u901a\u7528-4.jpg.png\" data-width=\"1200\" data-height=\"720\" data-index=\"4\" data-elementor-open-lightbox=\"no\">\n\t\t\t\t\t\t\n\t\t\t\t\t\t<img loading=\"lazy\" decoding=\"async\" width=\"1024\" height=\"614\" src=\"https:\/\/www.upvcsupplier.com\/wp-content\/uploads\/2023\/11\/Spanish-1050-\u6811\u8102\u74e6\u901a\u7528-4.jpg-1024x614.png\" class=\"attachment-large size-large\" alt=\"Spanish 1050 \u6811\u8102\u74e6\u901a\u7528-4.jpg\" srcset=\"https:\/\/www.upvcsupplier.com\/wp-content\/uploads\/2023\/11\/Spanish-1050-\u6811\u8102\u74e6\u901a\u7528-4.jpg-1024x614.png 1024w, https:\/\/www.upvcsupplier.com\/wp-content\/uploads\/2023\/11\/Spanish-1050-\u6811\u8102\u74e6\u901a\u7528-4.jpg-300x180.png 300w, https:\/\/www.upvcsupplier.com\/wp-content\/uploads\/2023\/11\/Spanish-1050-\u6811\u8102\u74e6\u901a\u7528-4.jpg-768x461.png 768w, https:\/\/www.upvcsupplier.com\/wp-content\/uploads\/2023\/11\/Spanish-1050-\u6811\u8102\u74e6\u901a\u7528-4.jpg-18x12.png 18w, https:\/\/www.upvcsupplier.com\/wp-content\/uploads\/2023\/11\/Spanish-1050-\u6811\u8102\u74e6\u901a\u7528-4.jpg-600x360.png 600w, https:\/\/www.upvcsupplier.com\/wp-content\/uploads\/2023\/11\/Spanish-1050-\u6811\u8102\u74e6\u901a\u7528-4.jpg-150x90.png 150w, https:\/\/www.upvcsupplier.com\/wp-content\/uploads\/2023\/11\/Spanish-1050-\u6811\u8102\u74e6\u901a\u7528-4.jpg.png 1200w\" sizes=\"(max-width: 1024px) 100vw, 1024px\" \/>\n\t\t\t\t\t\t\t\t\t\t\t\t\t<\/a>\n\t\t\t\t\t\t\t\t\t\t\t<\/div>\n\t\t\t\t\t\t\t\t\t\t\t\t\t\t\t<div class=\"wd-gallery-item wd-carousel-item\">\n\t\t\t\t\t\t\t\t\t\t\t\t\t<a  href=\"https:\/\/www.upvcsupplier.com\/wp-content\/uploads\/2023\/11\/Spanish-1050-\u6811\u8102\u74e6\u901a\u7528-6.png\" data-width=\"1200\" data-height=\"720\" data-index=\"5\" data-elementor-open-lightbox=\"no\">\n\t\t\t\t\t\t\n\t\t\t\t\t\t<img loading=\"lazy\" decoding=\"async\" width=\"1024\" height=\"614\" src=\"https:\/\/www.upvcsupplier.com\/wp-content\/uploads\/2023\/11\/Spanish-1050-\u6811\u8102\u74e6\u901a\u7528-6-1024x614.png\" class=\"attachment-large size-large\" alt=\"Spanish 1050 \u6811\u8102\u74e6\u901a\u7528-6\" srcset=\"https:\/\/www.upvcsupplier.com\/wp-content\/uploads\/2023\/11\/Spanish-1050-\u6811\u8102\u74e6\u901a\u7528-6-1024x614.png 1024w, https:\/\/www.upvcsupplier.com\/wp-content\/uploads\/2023\/11\/Spanish-1050-\u6811\u8102\u74e6\u901a\u7528-6-300x180.png 300w, https:\/\/www.upvcsupplier.com\/wp-content\/uploads\/2023\/11\/Spanish-1050-\u6811\u8102\u74e6\u901a\u7528-6-768x461.png 768w, https:\/\/www.upvcsupplier.com\/wp-content\/uploads\/2023\/11\/Spanish-1050-\u6811\u8102\u74e6\u901a\u7528-6-18x12.png 18w, https:\/\/www.upvcsupplier.com\/wp-content\/uploads\/2023\/11\/Spanish-1050-\u6811\u8102\u74e6\u901a\u7528-6-600x360.png 600w, https:\/\/www.upvcsupplier.com\/wp-content\/uploads\/2023\/11\/Spanish-1050-\u6811\u8102\u74e6\u901a\u7528-6-150x90.png 150w, https:\/\/www.upvcsupplier.com\/wp-content\/uploads\/2023\/11\/Spanish-1050-\u6811\u8102\u74e6\u901a\u7528-6.png 1200w\" sizes=\"(max-width: 1024px) 100vw, 1024px\" \/>\n\t\t\t\t\t\t\t\t\t\t\t\t\t<\/a>\n\t\t\t\t\t\t\t\t\t\t\t<\/div>\n\t\t\t\t\t\t\t\t\t\t\t\t\t\t\t<div class=\"wd-gallery-item wd-carousel-item\">\n\t\t\t\t\t\t\t\t\t\t\t\t\t<a  href=\"https:\/\/www.upvcsupplier.com\/wp-content\/uploads\/2023\/11\/Spanish-1050-\u6811\u8102\u74e6\u901a\u7528-7.png\" data-width=\"1200\" data-height=\"720\" data-index=\"6\" data-elementor-open-lightbox=\"no\">\n\t\t\t\t\t\t\n\t\t\t\t\t\t<img loading=\"lazy\" decoding=\"async\" width=\"1024\" height=\"614\" src=\"https:\/\/www.upvcsupplier.com\/wp-content\/uploads\/2023\/11\/Spanish-1050-\u6811\u8102\u74e6\u901a\u7528-7-1024x614.png\" class=\"attachment-large size-large\" alt=\"Spanish 1050 \u6811\u8102\u74e6\u901a\u7528-7\" srcset=\"https:\/\/www.upvcsupplier.com\/wp-content\/uploads\/2023\/11\/Spanish-1050-\u6811\u8102\u74e6\u901a\u7528-7-1024x614.png 1024w, https:\/\/www.upvcsupplier.com\/wp-content\/uploads\/2023\/11\/Spanish-1050-\u6811\u8102\u74e6\u901a\u7528-7-300x180.png 300w, https:\/\/www.upvcsupplier.com\/wp-content\/uploads\/2023\/11\/Spanish-1050-\u6811\u8102\u74e6\u901a\u7528-7-768x461.png 768w, https:\/\/www.upvcsupplier.com\/wp-content\/uploads\/2023\/11\/Spanish-1050-\u6811\u8102\u74e6\u901a\u7528-7-18x12.png 18w, https:\/\/www.upvcsupplier.com\/wp-content\/uploads\/2023\/11\/Spanish-1050-\u6811\u8102\u74e6\u901a\u7528-7-600x360.png 600w, https:\/\/www.upvcsupplier.com\/wp-content\/uploads\/2023\/11\/Spanish-1050-\u6811\u8102\u74e6\u901a\u7528-7-150x90.png 150w, https:\/\/www.upvcsupplier.com\/wp-content\/uploads\/2023\/11\/Spanish-1050-\u6811\u8102\u74e6\u901a\u7528-7.png 1200w\" sizes=\"(max-width: 1024px) 100vw, 1024px\" \/>\n\t\t\t\t\t\t\t\t\t\t\t\t\t<\/a>\n\t\t\t\t\t\t\t\t\t\t\t<\/div>\n\t\t\t\t\t\t\t\t\t\t\t\t\t\t\t<div class=\"wd-gallery-item wd-carousel-item\">\n\t\t\t\t\t\t\t\t\t\t\t\t\t<a  href=\"https:\/\/www.upvcsupplier.com\/wp-content\/uploads\/2023\/11\/Spanish-1050-\u6811\u8102\u74e6\u901a\u7528-41.jpg.png\" data-width=\"1200\" data-height=\"720\" data-index=\"7\" data-elementor-open-lightbox=\"no\">\n\t\t\t\t\t\t\n\t\t\t\t\t\t<img loading=\"lazy\" decoding=\"async\" width=\"1024\" height=\"614\" src=\"https:\/\/www.upvcsupplier.com\/wp-content\/uploads\/2023\/11\/Spanish-1050-\u6811\u8102\u74e6\u901a\u7528-41.jpg-1024x614.png\" class=\"attachment-large size-large\" alt=\"Spanish 1050 \u6811\u8102\u74e6\u901a\u7528-41.jpg\" srcset=\"https:\/\/www.upvcsupplier.com\/wp-content\/uploads\/2023\/11\/Spanish-1050-\u6811\u8102\u74e6\u901a\u7528-41.jpg-1024x614.png 1024w, https:\/\/www.upvcsupplier.com\/wp-content\/uploads\/2023\/11\/Spanish-1050-\u6811\u8102\u74e6\u901a\u7528-41.jpg-300x180.png 300w, https:\/\/www.upvcsupplier.com\/wp-content\/uploads\/2023\/11\/Spanish-1050-\u6811\u8102\u74e6\u901a\u7528-41.jpg-768x461.png 768w, https:\/\/www.upvcsupplier.com\/wp-content\/uploads\/2023\/11\/Spanish-1050-\u6811\u8102\u74e6\u901a\u7528-41.jpg-18x12.png 18w, https:\/\/www.upvcsupplier.com\/wp-content\/uploads\/2023\/11\/Spanish-1050-\u6811\u8102\u74e6\u901a\u7528-41.jpg-600x360.png 600w, https:\/\/www.upvcsupplier.com\/wp-content\/uploads\/2023\/11\/Spanish-1050-\u6811\u8102\u74e6\u901a\u7528-41.jpg-150x90.png 150w, https:\/\/www.upvcsupplier.com\/wp-content\/uploads\/2023\/11\/Spanish-1050-\u6811\u8102\u74e6\u901a\u7528-41.jpg.png 1200w\" sizes=\"(max-width: 1024px) 100vw, 1024px\" \/>\n\t\t\t\t\t\t\t\t\t\t\t\t\t<\/a>\n\t\t\t\t\t\t\t\t\t\t\t<\/div>\n\t\t\t\t\t\t\t\t\t\t\t\t\t\t\t\t<\/div>\n\t\t\t\t\t\t\t\t<\/div>\n\t\t\t\t\t\t\t\t\t\t\t\t\t\t<div class=\"wd-nav-arrows wd-pos-sep wd-hover-1 wd-icon-1\">\n\t\t\t<div class=\"wd-btn-arrow wd-prev wd-disabled\">\n\t\t\t\t<div class=\"wd-arrow-inner\"><\/div>\n\t\t\t<\/div>\n\t\t\t<div class=\"wd-btn-arrow wd-next\">\n\t\t\t\t<div class=\"wd-arrow-inner\"><\/div>\n\t\t\t<\/div>\n\t\t<\/div>\n\t\t\t\t\t\t\n\t\t\t\t<\/div>\n\n\t\t\t\t\t\t\t\t\t\t\t\t\t<\/div>\n\t\t\t\t\t\t<\/div>\n\t\t\t\t<\/div>\n\t\t\t\t\t<\/div>\n\t\t<\/div>\n\t\t\t\t\t<\/div>\n\t\t<\/section>\n\t\t\t\t<\/div>","protected":false},"excerpt":{"rendered":"<p>Marca: XINGFA<\/p>\n<p>Espesor: 2,3 mm, 2,5 m, 2,8 mm, 3,0 mm<\/p>\n<p>Length\uff1a1050mm<\/p>\n<p>Color: Blanco,Azul,Gris,Rojo,Verde,Marr\u00f3n<\/p>\n<p>Capas: 4 capas<\/p>\n<p>Tiempo de entrega: 10-15 d\u00edas h\u00e1biles despu\u00e9s del avance<\/p>\n<p>Garant\u00eda: 25 a\u00f1os<\/p>","protected":false},"featured_media":5617,"comment_status":"closed","ping_status":"closed","template":"","meta":[],"product_brand":[],"product_cat":[62],"product_tag":[],"class_list":{"0":"post-569","1":"product","2":"type-product","3":"status-publish","4":"has-post-thumbnail","6":"product_cat-pvc-roofing-accessories","8":"first","9":"instock","10":"shipping-taxable","11":"product-type-simple"},"yoast_head":"<!-- This site is optimized with the Yoast SEO plugin v21.0 - https:\/\/yoast.com\/wordpress\/plugins\/seo\/ -->\n<title>Tilted Ridge Tile for ASA Spanish 1050 Roof Sheet - XINGFA<\/title>\n<meta name=\"robots\" content=\"index, follow, max-snippet:-1, max-image-preview:large, max-video-preview:-1\" \/>\n<link rel=\"canonical\" href=\"https:\/\/www.upvcsupplier.com\/es\/producto\/tilted-ridge-tile-for-asa-spanish-1050-roof-sheet\/\" \/>\n<meta property=\"og:locale\" content=\"es_ES\" \/>\n<meta property=\"og:type\" content=\"article\" \/>\n<meta property=\"og:title\" content=\"Tilted Ridge Tile for ASA Spanish 1050 Roof Sheet - XINGFA\" \/>\n<meta property=\"og:description\" content=\"Brand: XINGFA  Thickness\uff1a2.3mm,2.5m,2.8mm,3.0mm  Length\uff1a1050mm  Color: White,Blue,Grey,Red,Green,Brown  Layers: 4 Layers  Delivery Time: 10-15 Working days after advance  Warranty: 25 years\" \/>\n<meta property=\"og:url\" content=\"https:\/\/www.upvcsupplier.com\/es\/producto\/tilted-ridge-tile-for-asa-spanish-1050-roof-sheet\/\" \/>\n<meta property=\"og:site_name\" content=\"XINGFA\" \/>\n<meta property=\"article:modified_time\" content=\"2025-02-24T07:02:51+00:00\" \/>\n<meta property=\"og:image\" content=\"https:\/\/www.upvcsupplier.com\/wp-content\/uploads\/2023\/11\/\u659c\u810a\u74e6.jpg\" \/>\n\t<meta property=\"og:image:width\" content=\"800\" \/>\n\t<meta property=\"og:image:height\" content=\"800\" \/>\n\t<meta property=\"og:image:type\" content=\"image\/jpeg\" \/>\n<meta name=\"twitter:card\" content=\"summary_large_image\" \/>\n<script type=\"application\/ld+json\" class=\"yoast-schema-graph\">{\"@context\":\"https:\/\/schema.org\",\"@graph\":[{\"@type\":\"WebPage\",\"@id\":\"https:\/\/www.upvcsupplier.com\/es\/producto\/tilted-ridge-tile-for-asa-spanish-1050-roof-sheet\/\",\"url\":\"https:\/\/www.upvcsupplier.com\/es\/producto\/tilted-ridge-tile-for-asa-spanish-1050-roof-sheet\/\",\"name\":\"Tilted Ridge Tile for ASA Spanish 1050 Roof Sheet - XINGFA\",\"isPartOf\":{\"@id\":\"https:\/\/www.upvcsupplier.com\/es\/#website\"},\"datePublished\":\"2023-11-24T08:22:38+00:00\",\"dateModified\":\"2025-02-24T07:02:51+00:00\",\"breadcrumb\":{\"@id\":\"https:\/\/www.upvcsupplier.com\/es\/producto\/tilted-ridge-tile-for-asa-spanish-1050-roof-sheet\/#breadcrumb\"},\"inLanguage\":\"es\",\"potentialAction\":[{\"@type\":\"ReadAction\",\"target\":[\"https:\/\/www.upvcsupplier.com\/es\/producto\/tilted-ridge-tile-for-asa-spanish-1050-roof-sheet\/\"]}]},{\"@type\":\"BreadcrumbList\",\"@id\":\"https:\/\/www.upvcsupplier.com\/es\/producto\/tilted-ridge-tile-for-asa-spanish-1050-roof-sheet\/#breadcrumb\",\"itemListElement\":[{\"@type\":\"ListItem\",\"position\":1,\"name\":\"\u9996\u9875\",\"item\":\"https:\/\/www.upvcsupplier.com\/es\/\"},{\"@type\":\"ListItem\",\"position\":2,\"name\":\"product\",\"item\":\"https:\/\/www.upvcsupplier.com\/es\/product\/\"},{\"@type\":\"ListItem\",\"position\":3,\"name\":\"Tilted Ridge Tile for ASA Spanish 1050 Roof Sheet\"}]},{\"@type\":\"WebSite\",\"@id\":\"https:\/\/www.upvcsupplier.com\/es\/#website\",\"url\":\"https:\/\/www.upvcsupplier.com\/es\/\",\"name\":\"XINGFA\",\"description\":\"XINGFA Your Trusted Plastic Roof Manufacturer\",\"potentialAction\":[{\"@type\":\"SearchAction\",\"target\":{\"@type\":\"EntryPoint\",\"urlTemplate\":\"https:\/\/www.upvcsupplier.com\/es\/?s={search_term_string}\"},\"query-input\":\"required name=search_term_string\"}],\"inLanguage\":\"es\"}]}<\/script>\n<!-- \/ Yoast SEO plugin. -->","yoast_head_json":{"title":"Tilted Ridge Tile for ASA Spanish 1050 Roof Sheet - XINGFA","robots":{"index":"index","follow":"follow","max-snippet":"max-snippet:-1","max-image-preview":"max-image-preview:large","max-video-preview":"max-video-preview:-1"},"canonical":"https:\/\/www.upvcsupplier.com\/es\/producto\/tilted-ridge-tile-for-asa-spanish-1050-roof-sheet\/","og_locale":"es_ES","og_type":"article","og_title":"Tilted Ridge Tile for ASA Spanish 1050 Roof Sheet - XINGFA","og_description":"Brand: XINGFA  Thickness\uff1a2.3mm,2.5m,2.8mm,3.0mm  Length\uff1a1050mm  Color: White,Blue,Grey,Red,Green,Brown  Layers: 4 Layers  Delivery Time: 10-15 Working days after advance  Warranty: 25 years","og_url":"https:\/\/www.upvcsupplier.com\/es\/producto\/tilted-ridge-tile-for-asa-spanish-1050-roof-sheet\/","og_site_name":"XINGFA","article_modified_time":"2025-02-24T07:02:51+00:00","og_image":[{"width":800,"height":800,"url":"https:\/\/www.upvcsupplier.com\/wp-content\/uploads\/2023\/11\/\u659c\u810a\u74e6.jpg","type":"image\/jpeg"}],"twitter_card":"summary_large_image","schema":{"@context":"https:\/\/schema.org","@graph":[{"@type":"WebPage","@id":"https:\/\/www.upvcsupplier.com\/es\/producto\/tilted-ridge-tile-for-asa-spanish-1050-roof-sheet\/","url":"https:\/\/www.upvcsupplier.com\/es\/producto\/tilted-ridge-tile-for-asa-spanish-1050-roof-sheet\/","name":"Tilted Ridge Tile for ASA Spanish 1050 Roof Sheet - XINGFA","isPartOf":{"@id":"https:\/\/www.upvcsupplier.com\/es\/#website"},"datePublished":"2023-11-24T08:22:38+00:00","dateModified":"2025-02-24T07:02:51+00:00","breadcrumb":{"@id":"https:\/\/www.upvcsupplier.com\/es\/producto\/tilted-ridge-tile-for-asa-spanish-1050-roof-sheet\/#breadcrumb"},"inLanguage":"es","potentialAction":[{"@type":"ReadAction","target":["https:\/\/www.upvcsupplier.com\/es\/producto\/tilted-ridge-tile-for-asa-spanish-1050-roof-sheet\/"]}]},{"@type":"BreadcrumbList","@id":"https:\/\/www.upvcsupplier.com\/es\/producto\/tilted-ridge-tile-for-asa-spanish-1050-roof-sheet\/#breadcrumb","itemListElement":[{"@type":"ListItem","position":1,"name":"\u9996\u9875","item":"https:\/\/www.upvcsupplier.com\/es\/"},{"@type":"ListItem","position":2,"name":"product","item":"https:\/\/www.upvcsupplier.com\/es\/product\/"},{"@type":"ListItem","position":3,"name":"Tilted Ridge Tile for ASA Spanish 1050 Roof Sheet"}]},{"@type":"WebSite","@id":"https:\/\/www.upvcsupplier.com\/es\/#website","url":"https:\/\/www.upvcsupplier.com\/es\/","name":"XINGFA","description":"XINGFA Your Trusted Plastic Roof Manufacturer","potentialAction":[{"@type":"SearchAction","target":{"@type":"EntryPoint","urlTemplate":"https:\/\/www.upvcsupplier.com\/es\/?s={search_term_string}"},"query-input":"required name=search_term_string"}],"inLanguage":"es"}]}},"_links":{"self":[{"href":"https:\/\/www.upvcsupplier.com\/es\/wp-json\/wp\/v2\/product\/569","targetHints":{"allow":["GET"]}}],"collection":[{"href":"https:\/\/www.upvcsupplier.com\/es\/wp-json\/wp\/v2\/product"}],"about":[{"href":"https:\/\/www.upvcsupplier.com\/es\/wp-json\/wp\/v2\/types\/product"}],"replies":[{"embeddable":true,"href":"https:\/\/www.upvcsupplier.com\/es\/wp-json\/wp\/v2\/comments?post=569"}],"version-history":[{"count":17,"href":"https:\/\/www.upvcsupplier.com\/es\/wp-json\/wp\/v2\/product\/569\/revisions"}],"predecessor-version":[{"id":5711,"href":"https:\/\/www.upvcsupplier.com\/es\/wp-json\/wp\/v2\/product\/569\/revisions\/5711"}],"wp:featuredmedia":[{"embeddable":true,"href":"https:\/\/www.upvcsupplier.com\/es\/wp-json\/wp\/v2\/media\/5617"}],"wp:attachment":[{"href":"https:\/\/www.upvcsupplier.com\/es\/wp-json\/wp\/v2\/media?parent=569"}],"wp:term":[{"taxonomy":"product_brand","embeddable":true,"href":"https:\/\/www.upvcsupplier.com\/es\/wp-json\/wp\/v2\/product_brand?post=569"},{"taxonomy":"product_cat","embeddable":true,"href":"https:\/\/www.upvcsupplier.com\/es\/wp-json\/wp\/v2\/product_cat?post=569"},{"taxonomy":"product_tag","embeddable":true,"href":"https:\/\/www.upvcsupplier.com\/es\/wp-json\/wp\/v2\/product_tag?post=569"}],"curies":[{"name":"wp","href":"https:\/\/api.w.org\/{rel}","templated":true}]}}