{"id":5659,"date":"2025-01-10T15:31:11","date_gmt":"2025-01-10T07:31:11","guid":{"rendered":"https:\/\/upvcsupplier.com\/?post_type=product&#038;p=5659"},"modified":"2025-02-27T16:40:39","modified_gmt":"2025-02-27T08:40:39","slug":"elite-upvc-roof-sheet","status":"publish","type":"product","link":"https:\/\/www.upvcsupplier.com\/es\/producto\/elite-upvc-roof-sheet\/","title":{"rendered":"ELITE UPVC ROOF SHEET"},"content":{"rendered":"<div data-elementor-type=\"product-post\" data-elementor-id=\"5659\" class=\"elementor elementor-5659\" data-elementor-post-type=\"product\">\n\t\t\t\t\t\t<section class=\"wd-negative-gap elementor-section elementor-top-section elementor-element elementor-element-16e476b elementor-section-boxed elementor-section-height-default elementor-section-height-default\" data-id=\"16e476b\" data-element_type=\"section\">\n\t\t\t\t\t\t<div class=\"elementor-container elementor-column-gap-default\">\n\t\t\t\t\t<div class=\"elementor-column elementor-col-100 elementor-top-column elementor-element elementor-element-47c7258\" data-id=\"47c7258\" data-element_type=\"column\">\n\t\t\t<div class=\"elementor-widget-wrap elementor-element-populated\">\n\t\t\t\t\t\t<div class=\"elementor-element elementor-element-c20f0fa elementor-widget elementor-widget-wd_text_block\" data-id=\"c20f0fa\" data-element_type=\"widget\" data-widget_type=\"wd_text_block.default\">\n\t\t\t\t<div class=\"elementor-widget-container\">\n\t\t\t\t\t\t\t<div class=\"wd-text-block reset-last-child text-left\">\n\t\t\t\n\t\t\t<h4>Teja Fotovoltaica<\/h4>\n\t\t\t\t\t<\/div>\n\t\t\t\t\t\t<\/div>\n\t\t\t\t<\/div>\n\t\t\t\t<div class=\"elementor-element elementor-element-837013d elementor-widget-divider--view-line elementor-widget elementor-widget-divider\" data-id=\"837013d\" data-element_type=\"widget\" data-widget_type=\"divider.default\">\n\t\t\t\t<div class=\"elementor-widget-container\">\n\t\t\t\t\t\t\t<div class=\"elementor-divider\">\n\t\t\t<span class=\"elementor-divider-separator\">\n\t\t\t\t\t\t<\/span>\n\t\t<\/div>\n\t\t\t\t\t\t<\/div>\n\t\t\t\t<\/div>\n\t\t\t\t<section class=\"wd-negative-gap elementor-section elementor-inner-section elementor-element elementor-element-b9fb595 elementor-section-content-middle elementor-section-boxed elementor-section-height-default elementor-section-height-default\" data-id=\"b9fb595\" data-element_type=\"section\">\n\t\t\t\t\t\t<div class=\"elementor-container elementor-column-gap-default\">\n\t\t\t\t\t<div class=\"elementor-column elementor-col-50 elementor-inner-column elementor-element elementor-element-93e261e\" data-id=\"93e261e\" data-element_type=\"column\">\n\t\t\t<div class=\"elementor-widget-wrap elementor-element-populated\">\n\t\t\t\t\t\t<div class=\"elementor-element elementor-element-f50bc4a wd-width-100 elementor-widget elementor-widget-wd_images_gallery\" data-id=\"f50bc4a\" data-element_type=\"widget\" data-widget_type=\"wd_images_gallery.default\">\n\t\t\t\t<div class=\"elementor-widget-container\">\n\t\t\t\t\t\t\t<div class=\"wd-images-gallery photoswipe-images\" style=\"--wd-align-items:center; --wd-justify-content:center;\">\n\t\t\t\t\t\t<div class=\"wd-grid-g\" style=\"--wd-col-lg:3;--wd-col-md:3;--wd-col-sm:1;--wd-gap-lg:0px;\" >\n\t\t\t\t\t\t\t\t\t\t\t\t\t\t\t\t\t\t<div class=\"wd-gallery-item wd-col\">\n\t\t\t\t\t\t\t\t\t\t\t\t\t<a  href=\"https:\/\/www.upvcsupplier.com\/wp-content\/uploads\/2025\/02\/Elite-UPVC-ROOF-SHEET-2.jpg\" data-width=\"800\" data-height=\"800\" data-index=\"1\" data-elementor-open-lightbox=\"no\">\n\t\t\t\t\t\t\n\t\t\t\t\t\t<img fetchpriority=\"high\" decoding=\"async\" width=\"800\" height=\"800\" src=\"https:\/\/www.upvcsupplier.com\/wp-content\/uploads\/2025\/02\/Elite-UPVC-ROOF-SHEET-2.jpg\" class=\"attachment-large size-large\" alt=\"Elite UPVC ROOF SHEET\" srcset=\"https:\/\/www.upvcsupplier.com\/wp-content\/uploads\/2025\/02\/Elite-UPVC-ROOF-SHEET-2.jpg 800w, https:\/\/www.upvcsupplier.com\/wp-content\/uploads\/2025\/02\/Elite-UPVC-ROOF-SHEET-2-300x300.jpg 300w, https:\/\/www.upvcsupplier.com\/wp-content\/uploads\/2025\/02\/Elite-UPVC-ROOF-SHEET-2-150x150.jpg 150w, https:\/\/www.upvcsupplier.com\/wp-content\/uploads\/2025\/02\/Elite-UPVC-ROOF-SHEET-2-768x768.jpg 768w, https:\/\/www.upvcsupplier.com\/wp-content\/uploads\/2025\/02\/Elite-UPVC-ROOF-SHEET-2-12x12.jpg 12w, https:\/\/www.upvcsupplier.com\/wp-content\/uploads\/2025\/02\/Elite-UPVC-ROOF-SHEET-2-600x600.jpg 600w\" sizes=\"(max-width: 800px) 100vw, 800px\" \/>\n\t\t\t\t\t\t\t\t\t\t\t\t\t<\/a>\n\t\t\t\t\t\t\t\t\t\t\t<\/div>\n\t\t\t\t\t\t\t\t\t\t\t\t\t<\/div>\n\t\t\t\t\t<\/div>\n\t\t\t\t\t\t<\/div>\n\t\t\t\t<\/div>\n\t\t\t\t\t<\/div>\n\t\t<\/div>\n\t\t\t\t<div class=\"elementor-column elementor-col-50 elementor-inner-column elementor-element elementor-element-500e06a\" data-id=\"500e06a\" data-element_type=\"column\">\n\t\t\t<div class=\"elementor-widget-wrap elementor-element-populated\">\n\t\t\t\t\t\t<div class=\"elementor-element elementor-element-f1fcf2d elementor-widget elementor-widget-wd_text_block\" data-id=\"f1fcf2d\" data-element_type=\"widget\" data-widget_type=\"wd_text_block.default\">\n\t\t\t\t<div class=\"elementor-widget-container\">\n\t\t\t\t\t\t\t<div class=\"wd-text-block reset-last-child text-left\">\n\t\t\t\n\t\t\t<h4>XINGFA ELITE UPVC ROOF SHEET Specification<br \/>Length: Customized(1.5-11.8m)<br \/>Width\uff1a276mm<br \/>Aplicaci\u00f3n: Residencial, Villas, Resorts, Hoteles, Proyectos Gubernamentales, Etc.<\/h4>\n\t\t\t\t\t<\/div>\n\t\t\t\t\t\t<\/div>\n\t\t\t\t<\/div>\n\t\t\t\t\t<\/div>\n\t\t<\/div>\n\t\t\t\t\t<\/div>\n\t\t<\/section>\n\t\t\t\t<section class=\"wd-negative-gap elementor-section elementor-inner-section elementor-element elementor-element-79f76af elementor-section-content-middle elementor-section-boxed elementor-section-height-default elementor-section-height-default\" data-id=\"79f76af\" data-element_type=\"section\">\n\t\t\t\t\t\t<div class=\"elementor-container elementor-column-gap-default\">\n\t\t\t\t\t<div class=\"elementor-column elementor-col-50 elementor-inner-column elementor-element elementor-element-5b496da\" data-id=\"5b496da\" data-element_type=\"column\">\n\t\t\t<div class=\"elementor-widget-wrap elementor-element-populated\">\n\t\t\t\t\t\t<div class=\"elementor-element elementor-element-6489b0c elementor-widget elementor-widget-heading\" data-id=\"6489b0c\" data-element_type=\"widget\" data-widget_type=\"heading.default\">\n\t\t\t\t<div class=\"elementor-widget-container\">\n\t\t\t\t\t<h2 class=\"elementor-heading-title elementor-size-default\">ELITE UPVC ROOF SHEET<\/h2>\t\t\t\t<\/div>\n\t\t\t\t<\/div>\n\t\t\t\t<div class=\"elementor-element elementor-element-41bff1a elementor-widget elementor-widget-wd_text_block\" data-id=\"41bff1a\" data-element_type=\"widget\" data-widget_type=\"wd_text_block.default\">\n\t\t\t\t<div class=\"elementor-widget-container\">\n\t\t\t\t\t\t\t<div class=\"wd-text-block reset-last-child text-left\">\n\t\t\t\n\t\t\t\n\t\t\t\t\t<\/div>\n\t\t\t\t\t\t<\/div>\n\t\t\t\t<\/div>\n\t\t\t\t<div class=\"elementor-element elementor-element-dc9e392 elementor-widget elementor-widget-wd_banner\" data-id=\"dc9e392\" data-element_type=\"widget\" data-widget_type=\"wd_banner.default\">\n\t\t\t\t<div class=\"elementor-widget-container\">\n\t\t\t\t\t\t\t<div class=\"promo-banner-wrapper\">\n\t\t\t<div class=\"promo-banner banner-default banner-hover-zoom-reverse color-scheme- banner-btn-size-default banner-btn-style-default wd-with-link\">\n\t\t\t\t<div class=\"main-wrapp-img\">\n\t\t\t\t\t<div class=\"banner-image wd-without-height\">\n\t\t\t\t\t\t\t\t\t\t\t\t\t\t\t\t\t\t\t\t\t<img decoding=\"async\" width=\"1920\" height=\"1080\" src=\"https:\/\/www.upvcsupplier.com\/wp-content\/uploads\/2025\/02\/Gallery-3.jpg\" class=\"attachment-full size-full\" alt=\"\" srcset=\"https:\/\/www.upvcsupplier.com\/wp-content\/uploads\/2025\/02\/Gallery-3.jpg 1920w, https:\/\/www.upvcsupplier.com\/wp-content\/uploads\/2025\/02\/Gallery-3-300x169.jpg 300w, https:\/\/www.upvcsupplier.com\/wp-content\/uploads\/2025\/02\/Gallery-3-1024x576.jpg 1024w, https:\/\/www.upvcsupplier.com\/wp-content\/uploads\/2025\/02\/Gallery-3-768x432.jpg 768w, https:\/\/www.upvcsupplier.com\/wp-content\/uploads\/2025\/02\/Gallery-3-1536x864.jpg 1536w, https:\/\/www.upvcsupplier.com\/wp-content\/uploads\/2025\/02\/Gallery-3-18x10.jpg 18w, https:\/\/www.upvcsupplier.com\/wp-content\/uploads\/2025\/02\/Gallery-3-600x338.jpg 600w, https:\/\/www.upvcsupplier.com\/wp-content\/uploads\/2025\/02\/Gallery-3-150x84.jpg 150w\" sizes=\"(max-width: 1920px) 100vw, 1920px\" \/>\t\t\t\t\t\t\t\t\t\t\t\t\t\t\t\t\t\t<\/div>\n\t\t\t\t<\/div>\n\n\t\t\t\t<div class=\"wrapper-content-banner wd-fill wd-items-top wd-justify-left\">\n\t\t\t\t\t<div class=\"content-banner  text-left\">\n\t\t\t\t\t\t\n\t\t\t\t\t\t\n\t\t\t\t\t\t\n\t\t\t\t\t\t\n\t\t\t\t\t\t\t\t\t\t\t<\/div>\n\t\t\t\t<\/div>\n\n\t\t\t\t\t\t\t\t\t<a href=\"#\" class=\"wd-promo-banner-link wd-fill\" aria-label=\"Banner link\"><\/a>\n\t\t\t\t\t\t\t<\/div>\n\t\t<\/div>\n\t\t\t\t\t\t<\/div>\n\t\t\t\t<\/div>\n\t\t\t\t\t<\/div>\n\t\t<\/div>\n\t\t\t\t<div class=\"elementor-column elementor-col-50 elementor-inner-column elementor-element elementor-element-5d2d059\" data-id=\"5d2d059\" data-element_type=\"column\">\n\t\t\t<div class=\"elementor-widget-wrap elementor-element-populated\">\n\t\t\t\t\t\t<div class=\"elementor-element elementor-element-b9a6a7c elementor-widget elementor-widget-video\" data-id=\"b9a6a7c\" data-element_type=\"widget\" data-settings=\"{&quot;youtube_url&quot;:&quot;https:\\\/\\\/www.youtube.com\\\/watch?v=XHOmBV4js_E&quot;,&quot;show_image_overlay&quot;:&quot;yes&quot;,&quot;image_overlay&quot;:{&quot;url&quot;:&quot;https:\\\/\\\/upvcsupplier.com\\\/wp-content\\\/uploads\\\/2023\\\/11\\\/Photovoltaic-Roof-Tile-project-1.jpg&quot;,&quot;id&quot;:459,&quot;size&quot;:&quot;&quot;,&quot;alt&quot;:&quot;&quot;,&quot;source&quot;:&quot;library&quot;},&quot;lightbox&quot;:&quot;yes&quot;,&quot;video_type&quot;:&quot;youtube&quot;,&quot;controls&quot;:&quot;yes&quot;}\" data-widget_type=\"video.default\">\n\t\t\t\t<div class=\"elementor-widget-container\">\n\t\t\t\t\t\t\t<div class=\"elementor-wrapper elementor-open-lightbox\">\n\t\t\t\t\t\t\t<div class=\"elementor-custom-embed-image-overlay\" data-elementor-open-lightbox=\"yes\" data-elementor-lightbox=\"{&quot;type&quot;:&quot;video&quot;,&quot;videoType&quot;:&quot;youtube&quot;,&quot;url&quot;:&quot;https:\\\/\\\/www.youtube.com\\\/embed\\\/XHOmBV4js_E?feature=oembed&amp;start&amp;end&amp;wmode=opaque&amp;loop=0&amp;controls=1&amp;mute=0&amp;rel=0&amp;cc_load_policy=0&quot;,&quot;autoplay&quot;:&quot;&quot;,&quot;modalOptions&quot;:{&quot;id&quot;:&quot;elementor-lightbox-b9a6a7c&quot;,&quot;entranceAnimation&quot;:&quot;&quot;,&quot;entranceAnimation_tablet&quot;:&quot;&quot;,&quot;entranceAnimation_mobile&quot;:&quot;&quot;,&quot;videoAspectRatio&quot;:&quot;169&quot;}}\" data-e-action-hash=\"#elementor-action%3Aaction%3Dlightbox%26settings%3DeyJ0eXBlIjoidmlkZW8iLCJ2aWRlb1R5cGUiOiJ5b3V0dWJlIiwidXJsIjoiaHR0cHM6XC9cL3d3dy55b3V0dWJlLmNvbVwvZW1iZWRcL1hIT21CVjRqc19FP2ZlYXR1cmU9b2VtYmVkJnN0YXJ0JmVuZCZ3bW9kZT1vcGFxdWUmbG9vcD0wJmNvbnRyb2xzPTEmbXV0ZT0wJnJlbD0wJmNjX2xvYWRfcG9saWN5PTAiLCJhdXRvcGxheSI6IiIsIm1vZGFsT3B0aW9ucyI6eyJpZCI6ImVsZW1lbnRvci1saWdodGJveC1iOWE2YTdjIiwiZW50cmFuY2VBbmltYXRpb24iOiIiLCJlbnRyYW5jZUFuaW1hdGlvbl90YWJsZXQiOiIiLCJlbnRyYW5jZUFuaW1hdGlvbl9tb2JpbGUiOiIiLCJ2aWRlb0FzcGVjdFJhdGlvIjoiMTY5In19\">\n\t\t\t\t\t\t\t\t\t\t\t<img decoding=\"async\" width=\"800\" height=\"800\" src=\"https:\/\/www.upvcsupplier.com\/wp-content\/uploads\/2023\/11\/Photovoltaic-Roof-Tile-project-1.jpg\" class=\"attachment-full size-full wp-image-459\" alt=\"\" srcset=\"https:\/\/www.upvcsupplier.com\/wp-content\/uploads\/2023\/11\/Photovoltaic-Roof-Tile-project-1.jpg 800w, https:\/\/www.upvcsupplier.com\/wp-content\/uploads\/2023\/11\/Photovoltaic-Roof-Tile-project-1-300x300.jpg 300w, https:\/\/www.upvcsupplier.com\/wp-content\/uploads\/2023\/11\/Photovoltaic-Roof-Tile-project-1-150x150.jpg 150w, https:\/\/www.upvcsupplier.com\/wp-content\/uploads\/2023\/11\/Photovoltaic-Roof-Tile-project-1-768x768.jpg 768w, https:\/\/www.upvcsupplier.com\/wp-content\/uploads\/2023\/11\/Photovoltaic-Roof-Tile-project-1-12x12.jpg 12w, https:\/\/www.upvcsupplier.com\/wp-content\/uploads\/2023\/11\/Photovoltaic-Roof-Tile-project-1-600x600.jpg 600w\" sizes=\"(max-width: 800px) 100vw, 800px\" \/>\t\t\t\t\t\t\t\t\t\t\t\t\t\t\t\t<div class=\"elementor-custom-embed-play\" role=\"button\" aria-label=\"Reproducir v\u00eddeo\" tabindex=\"0\">\n\t\t\t\t\t\t\t<svg aria-hidden=\"true\" class=\"e-font-icon-svg e-eicon-play\" viewbox=\"0 0 1000 1000\" xmlns=\"http:\/\/www.w3.org\/2000\/svg\"><path d=\"M838 162C746 71 633 25 500 25 371 25 258 71 163 162 71 254 25 367 25 500 25 633 71 746 163 837 254 929 367 979 500 979 633 979 746 933 838 837 929 746 975 633 975 500 975 367 929 254 838 162M808 192C892 279 933 379 933 500 933 621 892 725 808 808 725 892 621 938 500 938 379 938 279 896 196 808 113 725 67 621 67 500 67 379 108 279 196 192 279 108 383 62 500 62 621 62 721 108 808 192M438 392V642L642 517 438 392Z\"><\/path><\/svg>\t\t\t\t\t\t<\/div>\n\t\t\t\t\t\t\t\t\t<\/div>\n\t\t\t\t\t<\/div>\n\t\t\t\t\t\t<\/div>\n\t\t\t\t<\/div>\n\t\t\t\t\t<\/div>\n\t\t<\/div>\n\t\t\t\t\t<\/div>\n\t\t<\/section>\n\t\t\t\t<div class=\"elementor-element elementor-element-a33c012 elementor-widget elementor-widget-image\" data-id=\"a33c012\" data-element_type=\"widget\" data-widget_type=\"image.default\">\n\t\t\t\t<div class=\"elementor-widget-container\">\n\t\t\t\t\t\t\t\t\t\t\t\t\t\t\t<img loading=\"lazy\" decoding=\"async\" width=\"1024\" height=\"576\" src=\"https:\/\/www.upvcsupplier.com\/wp-content\/uploads\/2025\/02\/Gallery-3-1024x576.jpg\" class=\"elementor-animation-float attachment-large size-large wp-image-5669\" alt=\"\" srcset=\"https:\/\/www.upvcsupplier.com\/wp-content\/uploads\/2025\/02\/Gallery-3-1024x576.jpg 1024w, https:\/\/www.upvcsupplier.com\/wp-content\/uploads\/2025\/02\/Gallery-3-300x169.jpg 300w, https:\/\/www.upvcsupplier.com\/wp-content\/uploads\/2025\/02\/Gallery-3-768x432.jpg 768w, https:\/\/www.upvcsupplier.com\/wp-content\/uploads\/2025\/02\/Gallery-3-1536x864.jpg 1536w, https:\/\/www.upvcsupplier.com\/wp-content\/uploads\/2025\/02\/Gallery-3-18x10.jpg 18w, https:\/\/www.upvcsupplier.com\/wp-content\/uploads\/2025\/02\/Gallery-3-600x338.jpg 600w, https:\/\/www.upvcsupplier.com\/wp-content\/uploads\/2025\/02\/Gallery-3-150x84.jpg 150w, https:\/\/www.upvcsupplier.com\/wp-content\/uploads\/2025\/02\/Gallery-3.jpg 1920w\" sizes=\"(max-width: 1024px) 100vw, 1024px\" \/>\t\t\t\t\t\t\t\t\t\t\t\t\t\t\t<\/div>\n\t\t\t\t<\/div>\n\t\t\t\t\t<\/div>\n\t\t<\/div>\n\t\t\t\t\t<\/div>\n\t\t<\/section>\n\t\t\t\t<section class=\"wd-negative-gap elementor-section elementor-top-section elementor-element elementor-element-b478090 elementor-section-boxed elementor-section-height-default elementor-section-height-default\" data-id=\"b478090\" data-element_type=\"section\">\n\t\t\t\t\t\t<div class=\"elementor-container elementor-column-gap-default\">\n\t\t\t\t\t<div class=\"elementor-column elementor-col-100 elementor-top-column elementor-element elementor-element-12a6059\" data-id=\"12a6059\" data-element_type=\"column\">\n\t\t\t<div class=\"elementor-widget-wrap elementor-element-populated\">\n\t\t\t\t\t\t<div class=\"elementor-element elementor-element-b92b84c elementor-widget elementor-widget-heading\" data-id=\"b92b84c\" data-element_type=\"widget\" data-widget_type=\"heading.default\">\n\t\t\t\t<div class=\"elementor-widget-container\">\n\t\t\t\t\t<h2 class=\"elementor-heading-title elementor-size-default\">Teja Fotovoltaica<\/h2>\t\t\t\t<\/div>\n\t\t\t\t<\/div>\n\t\t\t\t\t<\/div>\n\t\t<\/div>\n\t\t\t\t\t<\/div>\n\t\t<\/section>\n\t\t\t\t<\/div>","protected":false},"excerpt":{"rendered":"<p>Marca: XINGFA<\/p>\n<p>Length: Customized(1.5-11.8m)<\/p>\n<p>Width\uff1a276mm<\/p>\n<p>Color blanco<\/p>\n<p>Tipo de suministro: OEM\/ODM<\/p>\n<p>Tiempo de entrega: 15-20 d\u00edas h\u00e1biles despu\u00e9s del avance<\/p>\n<p>MOQ: 2000 meters<\/p>\n<p>Garant\u00eda: 10 a\u00f1os<\/p>","protected":false},"featured_media":5660,"comment_status":"closed","ping_status":"closed","template":"","meta":[],"product_brand":[],"product_cat":[60],"product_tag":[],"class_list":{"0":"post-5659","1":"product","2":"type-product","3":"status-publish","4":"has-post-thumbnail","6":"product_cat-upvc-roof-sheet","8":"first","9":"instock","10":"shipping-taxable","11":"product-type-simple"},"yoast_head":"<!-- This site is optimized with the Yoast SEO plugin v21.0 - https:\/\/yoast.com\/wordpress\/plugins\/seo\/ -->\n<title>ELITE UPVC ROOF SHEET - XINGFA<\/title>\n<meta name=\"robots\" content=\"index, follow, max-snippet:-1, max-image-preview:large, max-video-preview:-1\" \/>\n<link rel=\"canonical\" href=\"https:\/\/www.upvcsupplier.com\/es\/producto\/elite-upvc-roof-sheet\/\" \/>\n<meta property=\"og:locale\" content=\"es_ES\" \/>\n<meta property=\"og:type\" content=\"article\" \/>\n<meta property=\"og:title\" content=\"ELITE UPVC ROOF SHEET - XINGFA\" \/>\n<meta property=\"og:description\" content=\"Brand: XINGFA  Length: Customized(1.5-11.8m)  Width\uff1a276mm  Color: White  Supply Type: OEM\/ODM  Delivery Time: 15-20 Working days after advance  MOQ: 2000 meters  Warranty: 10 years\" \/>\n<meta property=\"og:url\" content=\"https:\/\/www.upvcsupplier.com\/es\/producto\/elite-upvc-roof-sheet\/\" \/>\n<meta property=\"og:site_name\" content=\"XINGFA\" \/>\n<meta property=\"article:modified_time\" content=\"2025-02-27T08:40:39+00:00\" \/>\n<meta property=\"og:image\" content=\"https:\/\/www.upvcsupplier.com\/wp-content\/uploads\/2025\/02\/Elite-UPVC-ROOF-SHEET.jpg\" \/>\n\t<meta property=\"og:image:width\" content=\"800\" \/>\n\t<meta property=\"og:image:height\" content=\"800\" \/>\n\t<meta property=\"og:image:type\" content=\"image\/jpeg\" \/>\n<meta name=\"twitter:card\" content=\"summary_large_image\" \/>\n<meta name=\"twitter:label1\" content=\"Tiempo de lectura\" \/>\n\t<meta name=\"twitter:data1\" content=\"1 minuto\" \/>\n<script type=\"application\/ld+json\" class=\"yoast-schema-graph\">{\"@context\":\"https:\/\/schema.org\",\"@graph\":[{\"@type\":\"WebPage\",\"@id\":\"https:\/\/www.upvcsupplier.com\/product\/elite-upvc-roof-sheet\/\",\"url\":\"https:\/\/www.upvcsupplier.com\/product\/elite-upvc-roof-sheet\/\",\"name\":\"ELITE UPVC ROOF SHEET - XINGFA\",\"isPartOf\":{\"@id\":\"https:\/\/www.upvcsupplier.com\/es\/#website\"},\"datePublished\":\"2025-01-10T07:31:11+00:00\",\"dateModified\":\"2025-02-27T08:40:39+00:00\",\"breadcrumb\":{\"@id\":\"https:\/\/www.upvcsupplier.com\/product\/elite-upvc-roof-sheet\/#breadcrumb\"},\"inLanguage\":\"es\",\"potentialAction\":[{\"@type\":\"ReadAction\",\"target\":[\"https:\/\/www.upvcsupplier.com\/product\/elite-upvc-roof-sheet\/\"]}]},{\"@type\":\"BreadcrumbList\",\"@id\":\"https:\/\/www.upvcsupplier.com\/product\/elite-upvc-roof-sheet\/#breadcrumb\",\"itemListElement\":[{\"@type\":\"ListItem\",\"position\":1,\"name\":\"\u9996\u9875\",\"item\":\"https:\/\/www.upvcsupplier.com\/es\/\"},{\"@type\":\"ListItem\",\"position\":2,\"name\":\"product\",\"item\":\"https:\/\/www.upvcsupplier.com\/es\/product\/\"},{\"@type\":\"ListItem\",\"position\":3,\"name\":\"ELITE UPVC ROOF SHEET\"}]},{\"@type\":\"WebSite\",\"@id\":\"https:\/\/www.upvcsupplier.com\/es\/#website\",\"url\":\"https:\/\/www.upvcsupplier.com\/es\/\",\"name\":\"XINGFA\",\"description\":\"XINGFA Your Trusted Plastic Roof Manufacturer\",\"potentialAction\":[{\"@type\":\"SearchAction\",\"target\":{\"@type\":\"EntryPoint\",\"urlTemplate\":\"https:\/\/www.upvcsupplier.com\/es\/?s={search_term_string}\"},\"query-input\":\"required name=search_term_string\"}],\"inLanguage\":\"es\"}]}<\/script>\n<!-- \/ Yoast SEO plugin. -->","yoast_head_json":{"title":"ELITE UPVC ROOF SHEET - XINGFA","robots":{"index":"index","follow":"follow","max-snippet":"max-snippet:-1","max-image-preview":"max-image-preview:large","max-video-preview":"max-video-preview:-1"},"canonical":"https:\/\/www.upvcsupplier.com\/es\/producto\/elite-upvc-roof-sheet\/","og_locale":"es_ES","og_type":"article","og_title":"ELITE UPVC ROOF SHEET - XINGFA","og_description":"Brand: XINGFA  Length: Customized(1.5-11.8m)  Width\uff1a276mm  Color: White  Supply Type: OEM\/ODM  Delivery Time: 15-20 Working days after advance  MOQ: 2000 meters  Warranty: 10 years","og_url":"https:\/\/www.upvcsupplier.com\/es\/producto\/elite-upvc-roof-sheet\/","og_site_name":"XINGFA","article_modified_time":"2025-02-27T08:40:39+00:00","og_image":[{"width":800,"height":800,"url":"https:\/\/www.upvcsupplier.com\/wp-content\/uploads\/2025\/02\/Elite-UPVC-ROOF-SHEET.jpg","type":"image\/jpeg"}],"twitter_card":"summary_large_image","twitter_misc":{"Tiempo de lectura":"1 minuto"},"schema":{"@context":"https:\/\/schema.org","@graph":[{"@type":"WebPage","@id":"https:\/\/www.upvcsupplier.com\/product\/elite-upvc-roof-sheet\/","url":"https:\/\/www.upvcsupplier.com\/product\/elite-upvc-roof-sheet\/","name":"ELITE UPVC ROOF SHEET - XINGFA","isPartOf":{"@id":"https:\/\/www.upvcsupplier.com\/es\/#website"},"datePublished":"2025-01-10T07:31:11+00:00","dateModified":"2025-02-27T08:40:39+00:00","breadcrumb":{"@id":"https:\/\/www.upvcsupplier.com\/product\/elite-upvc-roof-sheet\/#breadcrumb"},"inLanguage":"es","potentialAction":[{"@type":"ReadAction","target":["https:\/\/www.upvcsupplier.com\/product\/elite-upvc-roof-sheet\/"]}]},{"@type":"BreadcrumbList","@id":"https:\/\/www.upvcsupplier.com\/product\/elite-upvc-roof-sheet\/#breadcrumb","itemListElement":[{"@type":"ListItem","position":1,"name":"\u9996\u9875","item":"https:\/\/www.upvcsupplier.com\/es\/"},{"@type":"ListItem","position":2,"name":"product","item":"https:\/\/www.upvcsupplier.com\/es\/product\/"},{"@type":"ListItem","position":3,"name":"ELITE UPVC ROOF SHEET"}]},{"@type":"WebSite","@id":"https:\/\/www.upvcsupplier.com\/es\/#website","url":"https:\/\/www.upvcsupplier.com\/es\/","name":"XINGFA","description":"XINGFA Your Trusted Plastic Roof Manufacturer","potentialAction":[{"@type":"SearchAction","target":{"@type":"EntryPoint","urlTemplate":"https:\/\/www.upvcsupplier.com\/es\/?s={search_term_string}"},"query-input":"required name=search_term_string"}],"inLanguage":"es"}]}},"_links":{"self":[{"href":"https:\/\/www.upvcsupplier.com\/es\/wp-json\/wp\/v2\/product\/5659","targetHints":{"allow":["GET"]}}],"collection":[{"href":"https:\/\/www.upvcsupplier.com\/es\/wp-json\/wp\/v2\/product"}],"about":[{"href":"https:\/\/www.upvcsupplier.com\/es\/wp-json\/wp\/v2\/types\/product"}],"replies":[{"embeddable":true,"href":"https:\/\/www.upvcsupplier.com\/es\/wp-json\/wp\/v2\/comments?post=5659"}],"version-history":[{"count":14,"href":"https:\/\/www.upvcsupplier.com\/es\/wp-json\/wp\/v2\/product\/5659\/revisions"}],"predecessor-version":[{"id":5971,"href":"https:\/\/www.upvcsupplier.com\/es\/wp-json\/wp\/v2\/product\/5659\/revisions\/5971"}],"wp:featuredmedia":[{"embeddable":true,"href":"https:\/\/www.upvcsupplier.com\/es\/wp-json\/wp\/v2\/media\/5660"}],"wp:attachment":[{"href":"https:\/\/www.upvcsupplier.com\/es\/wp-json\/wp\/v2\/media?parent=5659"}],"wp:term":[{"taxonomy":"product_brand","embeddable":true,"href":"https:\/\/www.upvcsupplier.com\/es\/wp-json\/wp\/v2\/product_brand?post=5659"},{"taxonomy":"product_cat","embeddable":true,"href":"https:\/\/www.upvcsupplier.com\/es\/wp-json\/wp\/v2\/product_cat?post=5659"},{"taxonomy":"product_tag","embeddable":true,"href":"https:\/\/www.upvcsupplier.com\/es\/wp-json\/wp\/v2\/product_tag?post=5659"}],"curies":[{"name":"wp","href":"https:\/\/api.w.org\/{rel}","templated":true}]}}