{"id":449,"date":"2023-11-23T16:58:23","date_gmt":"2023-11-23T08:58:23","guid":{"rendered":"https:\/\/upvcsupplier.com\/?post_type=product&#038;p=449"},"modified":"2023-11-27T10:05:09","modified_gmt":"2023-11-27T02:05:09","slug":"spainish-1050-polycarbonate-sheet","status":"publish","type":"product","link":"https:\/\/www.upvcsupplier.com\/es\/producto\/spainish-1050-polycarbonate-sheet\/","title":{"rendered":"Plancha de Policarbonato Espa\u00f1ol 1050"},"content":{"rendered":"<div data-elementor-type=\"product-post\" data-elementor-id=\"449\" class=\"elementor elementor-449\" data-elementor-post-type=\"product\">\n\t\t\t\t\t\t\t\t\t<section class=\"wd-negative-gap elementor-section elementor-top-section elementor-element elementor-element-222ae9e elementor-section-content-middle elementor-section-boxed elementor-section-height-default elementor-section-height-default wd-section-disabled\" data-id=\"222ae9e\" data-element_type=\"section\" data-settings=\"{&quot;background_background&quot;:&quot;classic&quot;}\">\n\t\t\t\t\t\t<div class=\"elementor-container elementor-column-gap-default\">\n\t\t\t\t\t<div class=\"elementor-column elementor-col-50 elementor-top-column elementor-element elementor-element-b24d225\" data-id=\"b24d225\" data-element_type=\"column\">\n\t\t\t<div class=\"elementor-widget-wrap elementor-element-populated\">\n\t\t\t\t\t\t\t\t<div class=\"elementor-element elementor-element-41b1765 elementor-widget elementor-widget-image\" data-id=\"41b1765\" data-element_type=\"widget\" data-widget_type=\"image.default\">\n\t\t\t\t<div class=\"elementor-widget-container\">\n\t\t\t<style>\/*! elementor - v3.17.0 - 01-11-2023 *\/\n.elementor-widget-image{text-align:center}.elementor-widget-image a{display:inline-block}.elementor-widget-image a img[src$=\".svg\"]{width:48px}.elementor-widget-image img{vertical-align:middle;display:inline-block}<\/style>\t\t\t\t\t\t\t\t\t\t\t\t<img fetchpriority=\"high\" decoding=\"async\" width=\"1227\" height=\"307\" src=\"https:\/\/www.upvcsupplier.com\/wp-content\/uploads\/2023\/11\/Spainish-1050-Polycarbonate-Sheet-tejas-drawing.png\" class=\"attachment-full size-full wp-image-604\" alt=\"\" srcset=\"https:\/\/www.upvcsupplier.com\/wp-content\/uploads\/2023\/11\/Spainish-1050-Polycarbonate-Sheet-tejas-drawing.png 1227w, https:\/\/www.upvcsupplier.com\/wp-content\/uploads\/2023\/11\/Spainish-1050-Polycarbonate-Sheet-tejas-drawing-300x75.png 300w, https:\/\/www.upvcsupplier.com\/wp-content\/uploads\/2023\/11\/Spainish-1050-Polycarbonate-Sheet-tejas-drawing-1024x256.png 1024w, https:\/\/www.upvcsupplier.com\/wp-content\/uploads\/2023\/11\/Spainish-1050-Polycarbonate-Sheet-tejas-drawing-768x192.png 768w, https:\/\/www.upvcsupplier.com\/wp-content\/uploads\/2023\/11\/Spainish-1050-Polycarbonate-Sheet-tejas-drawing-600x150.png 600w, https:\/\/www.upvcsupplier.com\/wp-content\/uploads\/2023\/11\/Spainish-1050-Polycarbonate-Sheet-tejas-drawing-150x38.png 150w\" sizes=\"(max-width: 1227px) 100vw, 1227px\" \/>\t\t\t\t\t\t\t\t\t\t\t\t\t\t\t<\/div>\n\t\t\t\t<\/div>\n\t\t\t\t\t<\/div>\n\t\t<\/div>\n\t\t\t\t<div class=\"elementor-column elementor-col-50 elementor-top-column elementor-element elementor-element-20abb4f\" data-id=\"20abb4f\" data-element_type=\"column\">\n\t\t\t<div class=\"elementor-widget-wrap elementor-element-populated\">\n\t\t\t\t\t\t\t\t<div class=\"elementor-element elementor-element-f982a90 elementor-widget elementor-widget-wd_text_block\" data-id=\"f982a90\" data-element_type=\"widget\" data-widget_type=\"wd_text_block.default\">\n\t\t\t\t<div class=\"elementor-widget-container\">\n\t\t\t\t\t<div class=\"wd-text-block reset-last-child text-left\">\n\t\t\t\n\t\t\t<p>Especificaci\u00f3n de policarbonato espa\u00f1ol 1050 de XINGFA<\/p><p>Ancho: 1040 mm<br \/>Ancho efectivo: 960 mm<br \/>Longitud: Personalizado<br \/>Espesor: 0,8 mm, 1 mm, 1,2 mm, 1,5 mm, 1,8 mm, 2,0 mm, 2,5 mm<br \/>Aplicaci\u00f3n: Residencial, Villas, Resorts, Hoteles, Proyectos Gubernamentales, ect.<\/p>\n\t\t\t\t\t<\/div>\n\t\t\t\t<\/div>\n\t\t\t\t<\/div>\n\t\t\t\t\t<\/div>\n\t\t<\/div>\n\t\t\t\t\t\t\t<\/div>\n\t\t<\/section>\n\t\t\t\t<section class=\"wd-negative-gap elementor-section elementor-top-section elementor-element elementor-element-5788953 elementor-section-boxed elementor-section-height-default elementor-section-height-default wd-section-disabled\" data-id=\"5788953\" data-element_type=\"section\">\n\t\t\t\t\t\t<div class=\"elementor-container elementor-column-gap-default\">\n\t\t\t\t\t<div class=\"elementor-column elementor-col-100 elementor-top-column elementor-element elementor-element-2a60f5a\" data-id=\"2a60f5a\" data-element_type=\"column\">\n\t\t\t<div class=\"elementor-widget-wrap elementor-element-populated\">\n\t\t\t\t\t\t\t\t<div class=\"elementor-element elementor-element-a9f0eef elementor-widget elementor-widget-image\" data-id=\"a9f0eef\" data-element_type=\"widget\" data-widget_type=\"image.default\">\n\t\t\t\t<div class=\"elementor-widget-container\">\n\t\t\t\t\t\t\t\t\t\t\t\t\t\t\t<img decoding=\"async\" width=\"1915\" height=\"370\" src=\"https:\/\/www.upvcsupplier.com\/wp-content\/uploads\/2023\/11\/10001-1.jpg\" class=\"attachment-full size-full wp-image-607\" alt=\"\" srcset=\"https:\/\/www.upvcsupplier.com\/wp-content\/uploads\/2023\/11\/10001-1.jpg 1915w, https:\/\/www.upvcsupplier.com\/wp-content\/uploads\/2023\/11\/10001-1-300x58.jpg 300w, https:\/\/www.upvcsupplier.com\/wp-content\/uploads\/2023\/11\/10001-1-1024x198.jpg 1024w, https:\/\/www.upvcsupplier.com\/wp-content\/uploads\/2023\/11\/10001-1-768x148.jpg 768w, https:\/\/www.upvcsupplier.com\/wp-content\/uploads\/2023\/11\/10001-1-1536x297.jpg 1536w, https:\/\/www.upvcsupplier.com\/wp-content\/uploads\/2023\/11\/10001-1-600x116.jpg 600w, https:\/\/www.upvcsupplier.com\/wp-content\/uploads\/2023\/11\/10001-1-150x29.jpg 150w\" sizes=\"(max-width: 1915px) 100vw, 1915px\" \/>\t\t\t\t\t\t\t\t\t\t\t\t\t\t\t<\/div>\n\t\t\t\t<\/div>\n\t\t\t\t<div class=\"elementor-element elementor-element-4a20b0a elementor-widget elementor-widget-wd_text_block\" data-id=\"4a20b0a\" data-element_type=\"widget\" data-widget_type=\"wd_text_block.default\">\n\t\t\t\t<div class=\"elementor-widget-container\">\n\t\t\t\t\t<div class=\"wd-text-block reset-last-child text-left\">\n\t\t\t\n\t\t\t<p>Plancha de Policarbonato Espa\u00f1ol 1050<\/p><p>La l\u00e1mina para techos de policarbonato est\u00e1 hecha de policarbonato pl\u00e1stico de ingenier\u00eda de alto rendimiento mediante coextrusi\u00f3n.<br \/>La l\u00e1mina para techos de policarbonato tiene excelentes caracter\u00edsticas como peso ligero y alta transmitancia. <br \/>Y resistencia al impacto, etc. Es adecuado para iluminaci\u00f3n natural de invernaderos y edificios.<\/p>\n\t\t\t\t\t<\/div>\n\t\t\t\t<\/div>\n\t\t\t\t<\/div>\n\t\t\t\t\t<\/div>\n\t\t<\/div>\n\t\t\t\t\t\t\t<\/div>\n\t\t<\/section>\n\t\t\t\t<section class=\"wd-negative-gap elementor-section elementor-top-section elementor-element elementor-element-06170f2 elementor-section-boxed elementor-section-height-default elementor-section-height-default wd-section-disabled\" data-id=\"06170f2\" data-element_type=\"section\">\n\t\t\t\t\t\t<div class=\"elementor-container elementor-column-gap-default\">\n\t\t\t\t\t<div class=\"elementor-column elementor-col-50 elementor-top-column elementor-element elementor-element-c7c8757\" data-id=\"c7c8757\" data-element_type=\"column\">\n\t\t\t<div class=\"elementor-widget-wrap elementor-element-populated\">\n\t\t\t\t\t\t\t\t<div class=\"elementor-element elementor-element-ce6f084 elementor-widget elementor-widget-image\" data-id=\"ce6f084\" data-element_type=\"widget\" data-widget_type=\"image.default\">\n\t\t\t\t<div class=\"elementor-widget-container\">\n\t\t\t\t\t\t\t\t\t\t\t\t\t\t\t<img decoding=\"async\" width=\"800\" height=\"800\" src=\"https:\/\/www.upvcsupplier.com\/wp-content\/uploads\/2023\/11\/Spainish-1050-Polycarbonate-Sheet-tejas-1.png\" class=\"attachment-full size-full wp-image-450\" alt=\"\" srcset=\"https:\/\/www.upvcsupplier.com\/wp-content\/uploads\/2023\/11\/Spainish-1050-Polycarbonate-Sheet-tejas-1.png 800w, https:\/\/www.upvcsupplier.com\/wp-content\/uploads\/2023\/11\/Spainish-1050-Polycarbonate-Sheet-tejas-1-300x300.png 300w, https:\/\/www.upvcsupplier.com\/wp-content\/uploads\/2023\/11\/Spainish-1050-Polycarbonate-Sheet-tejas-1-150x150.png 150w, https:\/\/www.upvcsupplier.com\/wp-content\/uploads\/2023\/11\/Spainish-1050-Polycarbonate-Sheet-tejas-1-768x768.png 768w, https:\/\/www.upvcsupplier.com\/wp-content\/uploads\/2023\/11\/Spainish-1050-Polycarbonate-Sheet-tejas-1-12x12.png 12w, https:\/\/www.upvcsupplier.com\/wp-content\/uploads\/2023\/11\/Spainish-1050-Polycarbonate-Sheet-tejas-1-600x600.png 600w\" sizes=\"(max-width: 800px) 100vw, 800px\" \/>\t\t\t\t\t\t\t\t\t\t\t\t\t\t\t<\/div>\n\t\t\t\t<\/div>\n\t\t\t\t<div class=\"elementor-element elementor-element-630a0ea my-img elementor-widget elementor-widget-image\" data-id=\"630a0ea\" data-element_type=\"widget\" data-widget_type=\"image.default\">\n\t\t\t\t<div class=\"elementor-widget-container\">\n\t\t\t\t\t\t\t\t\t\t\t\t\t\t\t<img loading=\"lazy\" decoding=\"async\" width=\"800\" height=\"800\" src=\"https:\/\/www.upvcsupplier.com\/wp-content\/uploads\/2023\/11\/Spainish-1050-Polycarbonate-Sheet-tejas-2.png\" class=\"attachment-large size-large wp-image-451\" alt=\"\" srcset=\"https:\/\/www.upvcsupplier.com\/wp-content\/uploads\/2023\/11\/Spainish-1050-Polycarbonate-Sheet-tejas-2.png 800w, https:\/\/www.upvcsupplier.com\/wp-content\/uploads\/2023\/11\/Spainish-1050-Polycarbonate-Sheet-tejas-2-300x300.png 300w, https:\/\/www.upvcsupplier.com\/wp-content\/uploads\/2023\/11\/Spainish-1050-Polycarbonate-Sheet-tejas-2-150x150.png 150w, https:\/\/www.upvcsupplier.com\/wp-content\/uploads\/2023\/11\/Spainish-1050-Polycarbonate-Sheet-tejas-2-768x768.png 768w, https:\/\/www.upvcsupplier.com\/wp-content\/uploads\/2023\/11\/Spainish-1050-Polycarbonate-Sheet-tejas-2-12x12.png 12w, https:\/\/www.upvcsupplier.com\/wp-content\/uploads\/2023\/11\/Spainish-1050-Polycarbonate-Sheet-tejas-2-600x600.png 600w\" sizes=\"(max-width: 800px) 100vw, 800px\" \/>\t\t\t\t\t\t\t\t\t\t\t\t\t\t\t<\/div>\n\t\t\t\t<\/div>\n\t\t\t\t\t<\/div>\n\t\t<\/div>\n\t\t\t\t<div class=\"elementor-column elementor-col-50 elementor-top-column elementor-element elementor-element-2f9f09d\" data-id=\"2f9f09d\" data-element_type=\"column\">\n\t\t\t<div class=\"elementor-widget-wrap elementor-element-populated\">\n\t\t\t\t\t\t\t\t<div class=\"elementor-element elementor-element-f2e97ef elementor-widget elementor-widget-image\" data-id=\"f2e97ef\" data-element_type=\"widget\" data-widget_type=\"image.default\">\n\t\t\t\t<div class=\"elementor-widget-container\">\n\t\t\t\t\t\t\t\t\t\t\t\t\t\t\t<img loading=\"lazy\" decoding=\"async\" width=\"800\" height=\"800\" src=\"https:\/\/www.upvcsupplier.com\/wp-content\/uploads\/2023\/11\/Spainish-1050-Polycarbonate-Sheet-tejas-3.png\" class=\"attachment-large size-large wp-image-452\" alt=\"\" srcset=\"https:\/\/www.upvcsupplier.com\/wp-content\/uploads\/2023\/11\/Spainish-1050-Polycarbonate-Sheet-tejas-3.png 800w, https:\/\/www.upvcsupplier.com\/wp-content\/uploads\/2023\/11\/Spainish-1050-Polycarbonate-Sheet-tejas-3-300x300.png 300w, https:\/\/www.upvcsupplier.com\/wp-content\/uploads\/2023\/11\/Spainish-1050-Polycarbonate-Sheet-tejas-3-150x150.png 150w, https:\/\/www.upvcsupplier.com\/wp-content\/uploads\/2023\/11\/Spainish-1050-Polycarbonate-Sheet-tejas-3-768x768.png 768w, https:\/\/www.upvcsupplier.com\/wp-content\/uploads\/2023\/11\/Spainish-1050-Polycarbonate-Sheet-tejas-3-12x12.png 12w, https:\/\/www.upvcsupplier.com\/wp-content\/uploads\/2023\/11\/Spainish-1050-Polycarbonate-Sheet-tejas-3-600x600.png 600w\" sizes=\"(max-width: 800px) 100vw, 800px\" \/>\t\t\t\t\t\t\t\t\t\t\t\t\t\t\t<\/div>\n\t\t\t\t<\/div>\n\t\t\t\t<div class=\"elementor-element elementor-element-7f6d83c my-img elementor-widget elementor-widget-image\" data-id=\"7f6d83c\" data-element_type=\"widget\" data-widget_type=\"image.default\">\n\t\t\t\t<div class=\"elementor-widget-container\">\n\t\t\t\t\t\t\t\t\t\t\t\t\t\t\t<img loading=\"lazy\" decoding=\"async\" width=\"800\" height=\"800\" src=\"https:\/\/www.upvcsupplier.com\/wp-content\/uploads\/2023\/11\/Spainish-1050-Polycarbonate-Sheet-tejas-4.png\" class=\"attachment-large size-large wp-image-453\" alt=\"\" srcset=\"https:\/\/www.upvcsupplier.com\/wp-content\/uploads\/2023\/11\/Spainish-1050-Polycarbonate-Sheet-tejas-4.png 800w, https:\/\/www.upvcsupplier.com\/wp-content\/uploads\/2023\/11\/Spainish-1050-Polycarbonate-Sheet-tejas-4-300x300.png 300w, https:\/\/www.upvcsupplier.com\/wp-content\/uploads\/2023\/11\/Spainish-1050-Polycarbonate-Sheet-tejas-4-150x150.png 150w, https:\/\/www.upvcsupplier.com\/wp-content\/uploads\/2023\/11\/Spainish-1050-Polycarbonate-Sheet-tejas-4-768x768.png 768w, https:\/\/www.upvcsupplier.com\/wp-content\/uploads\/2023\/11\/Spainish-1050-Polycarbonate-Sheet-tejas-4-12x12.png 12w, https:\/\/www.upvcsupplier.com\/wp-content\/uploads\/2023\/11\/Spainish-1050-Polycarbonate-Sheet-tejas-4-600x600.png 600w\" sizes=\"(max-width: 800px) 100vw, 800px\" \/>\t\t\t\t\t\t\t\t\t\t\t\t\t\t\t<\/div>\n\t\t\t\t<\/div>\n\t\t\t\t\t<\/div>\n\t\t<\/div>\n\t\t\t\t\t\t\t<\/div>\n\t\t<\/section>\n\t\t\t\t\t\t\t<\/div>","protected":false},"excerpt":{"rendered":"<p>Plancha de Policarbonato Espa\u00f1ol 1050<\/p>\n<p>Marca: XINGFA<\/p>\n<p>Espesor: 0,8 mm, 1 mm, 1,2 mm, 1,5 mm, 1,8 mm, 2,0 mm, 2,5 mm<\/p>\n<p>Ancho: 1040 mm<\/p>\n<p>Color: Policarbonato<\/p>\n<p>Tipo de suministro: OEM\/ODM<\/p>\n<p>Tiempo de entrega: 15-25 d\u00edas h\u00e1biles despu\u00e9s del avance<\/p>\n<p>MOQ: 200 metros cuadrados<\/p>","protected":false},"featured_media":450,"comment_status":"closed","ping_status":"closed","template":"","meta":[],"product_cat":[56],"product_tag":[],"class_list":{"0":"post-449","1":"product","2":"type-product","3":"status-publish","4":"has-post-thumbnail","6":"product_cat-polycarbonate-sheet","8":"first","9":"instock","10":"shipping-taxable","11":"product-type-simple"},"yoast_head":"<!-- This site is optimized with the Yoast SEO plugin v21.0 - https:\/\/yoast.com\/wordpress\/plugins\/seo\/ -->\n<title>Spainish 1050 Polycarbonate Sheet - XINGFA<\/title>\n<meta name=\"robots\" content=\"index, follow, max-snippet:-1, max-image-preview:large, max-video-preview:-1\" \/>\n<link rel=\"canonical\" href=\"https:\/\/www.upvcsupplier.com\/es\/producto\/spainish-1050-polycarbonate-sheet\/\" \/>\n<meta property=\"og:locale\" content=\"es_ES\" \/>\n<meta property=\"og:type\" content=\"article\" \/>\n<meta property=\"og:title\" content=\"Spainish 1050 Polycarbonate Sheet - XINGFA\" \/>\n<meta property=\"og:description\" content=\"Spainish 1050 Polycarbonate Sheet  Brand: XINGFA  Thickness\uff1a0.8mm, 1mm, 1.2mm, 1.5mm, 1.8mm, 2.0mm, 2.5mm  Width\uff1a1040mm  Color: Polycarbonate  Supply Type: OEM\/ODM  Delivery Time: 15-25 Working days after advance  MOQ: 200 square meters\" \/>\n<meta property=\"og:url\" content=\"https:\/\/www.upvcsupplier.com\/es\/producto\/spainish-1050-polycarbonate-sheet\/\" \/>\n<meta property=\"og:site_name\" content=\"XINGFA\" \/>\n<meta property=\"article:modified_time\" content=\"2023-11-27T02:05:09+00:00\" \/>\n<meta property=\"og:image\" content=\"https:\/\/www.upvcsupplier.com\/wp-content\/uploads\/2023\/11\/Spainish-1050-Polycarbonate-Sheet-tejas-1.png?v=1702882365\" \/>\n\t<meta property=\"og:image:width\" content=\"800\" \/>\n\t<meta property=\"og:image:height\" content=\"800\" \/>\n\t<meta property=\"og:image:type\" content=\"image\/png\" \/>\n<meta name=\"twitter:card\" content=\"summary_large_image\" \/>\n<script type=\"application\/ld+json\" class=\"yoast-schema-graph\">{\"@context\":\"https:\/\/schema.org\",\"@graph\":[{\"@type\":\"WebPage\",\"@id\":\"https:\/\/www.upvcsupplier.com\/product\/spainish-1050-polycarbonate-sheet\/\",\"url\":\"https:\/\/www.upvcsupplier.com\/product\/spainish-1050-polycarbonate-sheet\/\",\"name\":\"Spainish 1050 Polycarbonate Sheet - XINGFA\",\"isPartOf\":{\"@id\":\"https:\/\/www.upvcsupplier.com\/es\/#website\"},\"datePublished\":\"2023-11-23T08:58:23+00:00\",\"dateModified\":\"2023-11-27T02:05:09+00:00\",\"breadcrumb\":{\"@id\":\"https:\/\/www.upvcsupplier.com\/product\/spainish-1050-polycarbonate-sheet\/#breadcrumb\"},\"inLanguage\":\"es\",\"potentialAction\":[{\"@type\":\"ReadAction\",\"target\":[\"https:\/\/www.upvcsupplier.com\/product\/spainish-1050-polycarbonate-sheet\/\"]}]},{\"@type\":\"BreadcrumbList\",\"@id\":\"https:\/\/www.upvcsupplier.com\/product\/spainish-1050-polycarbonate-sheet\/#breadcrumb\",\"itemListElement\":[{\"@type\":\"ListItem\",\"position\":1,\"name\":\"\u9996\u9875\",\"item\":\"https:\/\/www.upvcsupplier.com\/es\/\"},{\"@type\":\"ListItem\",\"position\":2,\"name\":\"product\",\"item\":\"https:\/\/www.upvcsupplier.com\/es\/product\/\"},{\"@type\":\"ListItem\",\"position\":3,\"name\":\"Spainish 1050 Polycarbonate Sheet\"}]},{\"@type\":\"WebSite\",\"@id\":\"https:\/\/www.upvcsupplier.com\/es\/#website\",\"url\":\"https:\/\/www.upvcsupplier.com\/es\/\",\"name\":\"XINGFA\",\"description\":\"XINGFA Your Trusted Plastic Roof Manufacturer\",\"potentialAction\":[{\"@type\":\"SearchAction\",\"target\":{\"@type\":\"EntryPoint\",\"urlTemplate\":\"https:\/\/www.upvcsupplier.com\/es\/?s={search_term_string}\"},\"query-input\":\"required name=search_term_string\"}],\"inLanguage\":\"es\"}]}<\/script>\n<!-- \/ Yoast SEO plugin. -->","yoast_head_json":{"title":"Spainish 1050 Polycarbonate Sheet - XINGFA","robots":{"index":"index","follow":"follow","max-snippet":"max-snippet:-1","max-image-preview":"max-image-preview:large","max-video-preview":"max-video-preview:-1"},"canonical":"https:\/\/www.upvcsupplier.com\/es\/producto\/spainish-1050-polycarbonate-sheet\/","og_locale":"es_ES","og_type":"article","og_title":"Spainish 1050 Polycarbonate Sheet - XINGFA","og_description":"Spainish 1050 Polycarbonate Sheet  Brand: XINGFA  Thickness\uff1a0.8mm, 1mm, 1.2mm, 1.5mm, 1.8mm, 2.0mm, 2.5mm  Width\uff1a1040mm  Color: Polycarbonate  Supply Type: OEM\/ODM  Delivery Time: 15-25 Working days after advance  MOQ: 200 square meters","og_url":"https:\/\/www.upvcsupplier.com\/es\/producto\/spainish-1050-polycarbonate-sheet\/","og_site_name":"XINGFA","article_modified_time":"2023-11-27T02:05:09+00:00","og_image":[{"width":800,"height":800,"url":"https:\/\/www.upvcsupplier.com\/wp-content\/uploads\/2023\/11\/Spainish-1050-Polycarbonate-Sheet-tejas-1.png?v=1702882365","type":"image\/png"}],"twitter_card":"summary_large_image","schema":{"@context":"https:\/\/schema.org","@graph":[{"@type":"WebPage","@id":"https:\/\/www.upvcsupplier.com\/product\/spainish-1050-polycarbonate-sheet\/","url":"https:\/\/www.upvcsupplier.com\/product\/spainish-1050-polycarbonate-sheet\/","name":"Spainish 1050 Polycarbonate Sheet - XINGFA","isPartOf":{"@id":"https:\/\/www.upvcsupplier.com\/es\/#website"},"datePublished":"2023-11-23T08:58:23+00:00","dateModified":"2023-11-27T02:05:09+00:00","breadcrumb":{"@id":"https:\/\/www.upvcsupplier.com\/product\/spainish-1050-polycarbonate-sheet\/#breadcrumb"},"inLanguage":"es","potentialAction":[{"@type":"ReadAction","target":["https:\/\/www.upvcsupplier.com\/product\/spainish-1050-polycarbonate-sheet\/"]}]},{"@type":"BreadcrumbList","@id":"https:\/\/www.upvcsupplier.com\/product\/spainish-1050-polycarbonate-sheet\/#breadcrumb","itemListElement":[{"@type":"ListItem","position":1,"name":"\u9996\u9875","item":"https:\/\/www.upvcsupplier.com\/es\/"},{"@type":"ListItem","position":2,"name":"product","item":"https:\/\/www.upvcsupplier.com\/es\/product\/"},{"@type":"ListItem","position":3,"name":"Spainish 1050 Polycarbonate Sheet"}]},{"@type":"WebSite","@id":"https:\/\/www.upvcsupplier.com\/es\/#website","url":"https:\/\/www.upvcsupplier.com\/es\/","name":"XINGFA","description":"XINGFA Your Trusted Plastic Roof Manufacturer","potentialAction":[{"@type":"SearchAction","target":{"@type":"EntryPoint","urlTemplate":"https:\/\/www.upvcsupplier.com\/es\/?s={search_term_string}"},"query-input":"required name=search_term_string"}],"inLanguage":"es"}]}},"_links":{"self":[{"href":"https:\/\/www.upvcsupplier.com\/es\/wp-json\/wp\/v2\/product\/449","targetHints":{"allow":["GET"]}}],"collection":[{"href":"https:\/\/www.upvcsupplier.com\/es\/wp-json\/wp\/v2\/product"}],"about":[{"href":"https:\/\/www.upvcsupplier.com\/es\/wp-json\/wp\/v2\/types\/product"}],"replies":[{"embeddable":true,"href":"https:\/\/www.upvcsupplier.com\/es\/wp-json\/wp\/v2\/comments?post=449"}],"version-history":[{"count":9,"href":"https:\/\/www.upvcsupplier.com\/es\/wp-json\/wp\/v2\/product\/449\/revisions"}],"predecessor-version":[{"id":613,"href":"https:\/\/www.upvcsupplier.com\/es\/wp-json\/wp\/v2\/product\/449\/revisions\/613"}],"wp:featuredmedia":[{"embeddable":true,"href":"https:\/\/www.upvcsupplier.com\/es\/wp-json\/wp\/v2\/media\/450"}],"wp:attachment":[{"href":"https:\/\/www.upvcsupplier.com\/es\/wp-json\/wp\/v2\/media?parent=449"}],"wp:term":[{"taxonomy":"product_cat","embeddable":true,"href":"https:\/\/www.upvcsupplier.com\/es\/wp-json\/wp\/v2\/product_cat?post=449"},{"taxonomy":"product_tag","embeddable":true,"href":"https:\/\/www.upvcsupplier.com\/es\/wp-json\/wp\/v2\/product_tag?post=449"}],"curies":[{"name":"wp","href":"https:\/\/api.w.org\/{rel}","templated":true}]}}