{"id":304,"date":"2023-11-22T17:34:45","date_gmt":"2023-11-22T09:34:45","guid":{"rendered":"https:\/\/upvcsupplier.com\/?page_id=304"},"modified":"2024-01-02T10:43:15","modified_gmt":"2024-01-02T02:43:15","slug":"company","status":"publish","type":"page","link":"https:\/\/www.upvcsupplier.com\/es\/company\/","title":{"rendered":"Compa\u00f1\u00eda"},"content":{"rendered":"<div data-elementor-type=\"wp-page\" data-elementor-id=\"304\" class=\"elementor elementor-304\" data-elementor-post-type=\"page\">\n\t\t\t\t\t\t<section class=\"wd-negative-gap elementor-section elementor-top-section elementor-element elementor-element-a2e9884 wd-section-stretch-content elementor-section-boxed elementor-section-height-default elementor-section-height-default\" data-id=\"a2e9884\" data-element_type=\"section\">\n\t\t\t\t\t\t<div class=\"elementor-container elementor-column-gap-no\">\n\t\t\t\t\t<div class=\"elementor-column elementor-col-100 elementor-top-column elementor-element elementor-element-dd81c3d\" data-id=\"dd81c3d\" data-element_type=\"column\">\n\t\t\t<div class=\"elementor-widget-wrap elementor-element-populated\">\n\t\t\t\t\t\t<div class=\"elementor-element elementor-element-cf6f97d elementor--h-position-center elementor--v-position-middle elementor-arrows-position-inside elementor-pagination-position-inside elementor-widget elementor-widget-slides\" data-id=\"cf6f97d\" data-element_type=\"widget\" data-settings=\"{&quot;navigation&quot;:&quot;both&quot;,&quot;autoplay&quot;:&quot;yes&quot;,&quot;pause_on_hover&quot;:&quot;yes&quot;,&quot;pause_on_interaction&quot;:&quot;yes&quot;,&quot;autoplay_speed&quot;:5000,&quot;infinite&quot;:&quot;yes&quot;,&quot;transition&quot;:&quot;slide&quot;,&quot;transition_speed&quot;:500}\" data-widget_type=\"slides.default\">\n\t\t\t\t<div class=\"elementor-widget-container\">\n\t\t\t\t\t\t\t\t\t<div class=\"elementor-swiper\">\n\t\t\t\t\t<div class=\"elementor-slides-wrapper elementor-main-swiper swiper\" role=\"region\" aria-roledescription=\"carousel\" aria-label=\"Slides\" dir=\"ltr\" data-animation=\"fadeInUp\">\n\t\t\t\t<div class=\"swiper-wrapper elementor-slides\">\n\t\t\t\t\t\t\t\t\t\t<div class=\"elementor-repeater-item-681152b swiper-slide\" role=\"group\" aria-roledescription=\"slide\"><div class=\"swiper-slide-bg\" role=\"img\"><\/div><div class=\"elementor-background-overlay\"><\/div><div class=\"swiper-slide-inner\" ><div class=\"swiper-slide-contents\"><\/div><\/div><\/div>\t\t\t\t<\/div>\n\t\t\t\t\t\t\t<\/div>\n\t\t\t\t<\/div>\n\t\t\t\t\t\t\t\t<\/div>\n\t\t\t\t<\/div>\n\t\t\t\t\t<\/div>\n\t\t<\/div>\n\t\t\t\t\t<\/div>\n\t\t<\/section>\n\t\t\t\t<section class=\"wd-negative-gap elementor-section elementor-top-section elementor-element elementor-element-c48d514 elementor-section-content-middle elementor-section-boxed elementor-section-height-default elementor-section-height-default\" data-id=\"c48d514\" data-element_type=\"section\">\n\t\t\t\t\t\t<div class=\"elementor-container elementor-column-gap-default\">\n\t\t\t\t\t<div class=\"elementor-column elementor-col-50 elementor-top-column elementor-element elementor-element-b0685ea elementor-invisible\" data-id=\"b0685ea\" data-element_type=\"column\" data-settings=\"{&quot;animation&quot;:&quot;fadeInLeft&quot;}\">\n\t\t\t<div class=\"elementor-widget-wrap elementor-element-populated\">\n\t\t\t\t\t\t<div class=\"elementor-element elementor-element-886adbd elementor-widget elementor-widget-video\" data-id=\"886adbd\" data-element_type=\"widget\" data-settings=\"{&quot;youtube_url&quot;:&quot;https:\\\/\\\/www.youtube.com\\\/watch?v=uP5fcvbtKAg&quot;,&quot;show_image_overlay&quot;:&quot;yes&quot;,&quot;image_overlay&quot;:{&quot;url&quot;:&quot;https:\\\/\\\/upvcsupplier.com\\\/wp-content\\\/uploads\\\/2023\\\/11\\\/banner2.png&quot;,&quot;id&quot;:17,&quot;size&quot;:&quot;&quot;,&quot;alt&quot;:&quot;&quot;,&quot;source&quot;:&quot;library&quot;},&quot;lightbox&quot;:&quot;yes&quot;,&quot;video_type&quot;:&quot;youtube&quot;,&quot;controls&quot;:&quot;yes&quot;}\" data-widget_type=\"video.default\">\n\t\t\t\t<div class=\"elementor-widget-container\">\n\t\t\t\t\t\t\t<div class=\"elementor-wrapper elementor-open-lightbox\">\n\t\t\t\t\t\t\t<div class=\"elementor-custom-embed-image-overlay\" data-elementor-open-lightbox=\"yes\" data-elementor-lightbox=\"{&quot;type&quot;:&quot;video&quot;,&quot;videoType&quot;:&quot;youtube&quot;,&quot;url&quot;:&quot;https:\\\/\\\/www.youtube.com\\\/embed\\\/uP5fcvbtKAg?feature=oembed&amp;start&amp;end&amp;wmode=opaque&amp;loop=0&amp;controls=1&amp;mute=0&amp;rel=0&amp;cc_load_policy=0&quot;,&quot;autoplay&quot;:&quot;&quot;,&quot;modalOptions&quot;:{&quot;id&quot;:&quot;elementor-lightbox-886adbd&quot;,&quot;entranceAnimation&quot;:&quot;&quot;,&quot;entranceAnimation_tablet&quot;:&quot;&quot;,&quot;entranceAnimation_mobile&quot;:&quot;&quot;,&quot;videoAspectRatio&quot;:&quot;169&quot;}}\" data-e-action-hash=\"#elementor-action%3Aaction%3Dlightbox%26settings%3DeyJ0eXBlIjoidmlkZW8iLCJ2aWRlb1R5cGUiOiJ5b3V0dWJlIiwidXJsIjoiaHR0cHM6XC9cL3d3dy55b3V0dWJlLmNvbVwvZW1iZWRcL3VQNWZjdmJ0S0FnP2ZlYXR1cmU9b2VtYmVkJnN0YXJ0JmVuZCZ3bW9kZT1vcGFxdWUmbG9vcD0wJmNvbnRyb2xzPTEmbXV0ZT0wJnJlbD0wJmNjX2xvYWRfcG9saWN5PTAiLCJhdXRvcGxheSI6IiIsIm1vZGFsT3B0aW9ucyI6eyJpZCI6ImVsZW1lbnRvci1saWdodGJveC04ODZhZGJkIiwiZW50cmFuY2VBbmltYXRpb24iOiIiLCJlbnRyYW5jZUFuaW1hdGlvbl90YWJsZXQiOiIiLCJlbnRyYW5jZUFuaW1hdGlvbl9tb2JpbGUiOiIiLCJ2aWRlb0FzcGVjdFJhdGlvIjoiMTY5In19\">\n\t\t\t\t\t\t\t\t\t\t\t<img fetchpriority=\"high\" decoding=\"async\" width=\"1920\" height=\"850\" src=\"https:\/\/www.upvcsupplier.com\/wp-content\/uploads\/2023\/11\/banner2.png\" class=\"attachment-full size-full wp-image-17\" alt=\"\" srcset=\"https:\/\/www.upvcsupplier.com\/wp-content\/uploads\/2023\/11\/banner2.png 1920w, https:\/\/www.upvcsupplier.com\/wp-content\/uploads\/2023\/11\/banner2-150x66.png 150w, https:\/\/www.upvcsupplier.com\/wp-content\/uploads\/2023\/11\/banner2-600x266.png 600w, https:\/\/www.upvcsupplier.com\/wp-content\/uploads\/2023\/11\/banner2-300x133.png 300w, https:\/\/www.upvcsupplier.com\/wp-content\/uploads\/2023\/11\/banner2-1024x453.png 1024w, https:\/\/www.upvcsupplier.com\/wp-content\/uploads\/2023\/11\/banner2-768x340.png 768w, https:\/\/www.upvcsupplier.com\/wp-content\/uploads\/2023\/11\/banner2-1536x680.png 1536w\" sizes=\"(max-width: 1920px) 100vw, 1920px\" \/>\t\t\t\t\t\t\t\t\t\t\t\t\t\t\t\t<div class=\"elementor-custom-embed-play\" role=\"button\" aria-label=\"Reproducir v\u00eddeo\" tabindex=\"0\">\n\t\t\t\t\t\t\t<svg aria-hidden=\"true\" class=\"e-font-icon-svg e-eicon-play\" viewbox=\"0 0 1000 1000\" xmlns=\"http:\/\/www.w3.org\/2000\/svg\"><path d=\"M838 162C746 71 633 25 500 25 371 25 258 71 163 162 71 254 25 367 25 500 25 633 71 746 163 837 254 929 367 979 500 979 633 979 746 933 838 837 929 746 975 633 975 500 975 367 929 254 838 162M808 192C892 279 933 379 933 500 933 621 892 725 808 808 725 892 621 938 500 938 379 938 279 896 196 808 113 725 67 621 67 500 67 379 108 279 196 192 279 108 383 62 500 62 621 62 721 108 808 192M438 392V642L642 517 438 392Z\"><\/path><\/svg>\t\t\t\t\t\t<\/div>\n\t\t\t\t\t\t\t\t\t<\/div>\n\t\t\t\t\t<\/div>\n\t\t\t\t\t\t<\/div>\n\t\t\t\t<\/div>\n\t\t\t\t\t<\/div>\n\t\t<\/div>\n\t\t\t\t<div class=\"elementor-column elementor-col-50 elementor-top-column elementor-element elementor-element-12ae5d6 elementor-invisible\" data-id=\"12ae5d6\" data-element_type=\"column\" data-settings=\"{&quot;animation&quot;:&quot;fadeInRight&quot;}\">\n\t\t\t<div class=\"elementor-widget-wrap elementor-element-populated\">\n\t\t\t\t\t\t<div class=\"elementor-element elementor-element-35370a3 wd-width-100 elementor-widget elementor-widget-wd_title\" data-id=\"35370a3\" data-element_type=\"widget\" data-widget_type=\"wd_title.default\">\n\t\t\t\t<div class=\"elementor-widget-container\">\n\t\t\t\t\t\t\t<div class=\"title-wrapper wd-set-mb reset-last-child wd-title-color-default wd-title-style-default wd-title-size-default text-left\">\n\n\t\t\t\n\t\t\t<div class=\"liner-continer\">\n\t\t\t\t<h4 class=\"woodmart-title-container title wd-fontsize-l\">POR QU\u00c9 ELEGIRNOS<\/h4> \n\t\t\t\t\t\t\t<\/div>\n\n\t\t\t\t\t\t\t<div class=\"title-after_title reset-last-child wd-fontsize-xs\">\n\t\t\t\t\t<p>Nos preocupamos por su reputaci\u00f3n para nosotros<br \/>Con m\u00e1s de 17 a\u00f1os de experiencia, una amplia gama de productos y un gran n\u00famero de consumidores, Xingfa se define como un fabricante profesional y confiable de l\u00e1minas y tejas para techos.<\/p><p>Soluciones<br \/>Xingfa ofrece soluciones para una amplia gama de aplicaciones de revestimiento de PVC.<\/p><p>Condiciones de pago convenientes<br \/>Xingfa tiene una gran solidez financiera y ofrece a los clientes condiciones de pago m\u00e1s relajadas y convenientes.<\/p><p>Construyendo confianza con productos de calidad<br \/>Xingfa cree que los productos y servicios de calidad son la mejor manera de generar confianza para una relaci\u00f3n a largo plazo.<\/p><p>Investigaci\u00f3n y desarrollos<br \/>Xingfa siempre insiste en desarrollar nuevos productos, mejorar continuamente la competitividad de los productos y abrir m\u00e1s mercados para los clientes.<\/p><p>Servicios<br \/>Xingfa ofrece excelentes servicios posventa y de garant\u00eda de productos.<\/p>\t\t\t\t<\/div>\n\t\t\t\t\t<\/div>\n\t\t\t\t\t\t<\/div>\n\t\t\t\t<\/div>\n\t\t\t\t\t<\/div>\n\t\t<\/div>\n\t\t\t\t\t<\/div>\n\t\t<\/section>\n\t\t\t\t<section class=\"wd-negative-gap elementor-section elementor-top-section elementor-element elementor-element-17d1721 elementor-section-content-middle wd-section-stretch elementor-section-boxed elementor-section-height-default elementor-section-height-default\" data-id=\"17d1721\" data-element_type=\"section\" data-settings=\"{&quot;background_background&quot;:&quot;classic&quot;}\">\n\t\t\t\t\t\t<div class=\"elementor-container elementor-column-gap-default\">\n\t\t\t\t\t<div class=\"elementor-column elementor-col-50 elementor-top-column elementor-element elementor-element-f92c83d elementor-invisible\" data-id=\"f92c83d\" data-element_type=\"column\" data-settings=\"{&quot;animation&quot;:&quot;fadeInLeft&quot;}\">\n\t\t\t<div class=\"elementor-widget-wrap elementor-element-populated\">\n\t\t\t\t\t\t<div class=\"elementor-element elementor-element-8eb5270 wd-width-100 elementor-widget elementor-widget-wd_title\" data-id=\"8eb5270\" data-element_type=\"widget\" data-widget_type=\"wd_title.default\">\n\t\t\t\t<div class=\"elementor-widget-container\">\n\t\t\t\t\t\t\t<div class=\"title-wrapper wd-set-mb reset-last-child wd-title-color-default wd-title-style-default wd-title-size-default text-left\">\n\n\t\t\t\n\t\t\t<div class=\"liner-continer\">\n\t\t\t\t<h4 class=\"woodmart-title-container title wd-fontsize-l\">PERFIL DE LA EMPRESA<br \/>\n<\/h4> \n\t\t\t\t\t\t\t<\/div>\n\n\t\t\t\t\t\t\t<div class=\"title-after_title reset-last-child wd-fontsize-xs\">\n\t\t\t\t\t<p>Xingfa Tile Industry Co., Ltd ha sido un fabricante de l\u00e1minas y tejas para techos de calidad desde 2005.<\/p><p>Xingfa tiene m\u00e1s de 17 a\u00f1os de experiencia en el campo de las l\u00e1minas para techos de PVC y se ha centrado en la investigaci\u00f3n y el desarrollo de productos, con una amplia gama de productos, como l\u00e1minas para techos de UPVC, l\u00e1minas de doble pared de UPVC, tejas Roma, tejas espa\u00f1olas y Sistemas de techado residencial. Para edificios industriales, almacenes, edificios comerciales, aplicaciones agr\u00edcolas y residenciales.<\/p><p>Despu\u00e9s de a\u00f1os de desarrollo, hemos fomentado un grupo maduro de t\u00e9cnicos profesionales y expertos en marketing bien capacitados. Con calidad estable, precios competitivos, env\u00edo puntual y excelente servicio de preventa y posventa, Xingfa sigue avanzando en el competitivo mercado.<\/p><p>En la feroz competencia del mercado, nuestra empresa se adhiere al concepto de ganarse la confianza con calidad y ganar clientes con credibilidad.<\/p>\t\t\t\t<\/div>\n\t\t\t\t\t<\/div>\n\t\t\t\t\t\t<\/div>\n\t\t\t\t<\/div>\n\t\t\t\t\t<\/div>\n\t\t<\/div>\n\t\t\t\t<div class=\"elementor-column elementor-col-50 elementor-top-column elementor-element elementor-element-6150616 elementor-invisible\" data-id=\"6150616\" data-element_type=\"column\" data-settings=\"{&quot;animation&quot;:&quot;fadeInRight&quot;}\">\n\t\t\t<div class=\"elementor-widget-wrap elementor-element-populated\">\n\t\t\t\t\t\t<div class=\"elementor-element elementor-element-bb197ab elementor-widget elementor-widget-image\" data-id=\"bb197ab\" data-element_type=\"widget\" data-widget_type=\"image.default\">\n\t\t\t\t<div class=\"elementor-widget-container\">\n\t\t\t\t\t\t\t\t\t\t\t\t\t\t\t<img decoding=\"async\" width=\"800\" height=\"451\" src=\"https:\/\/www.upvcsupplier.com\/wp-content\/uploads\/2023\/11\/10003-19.jpg\" class=\"attachment-large size-large wp-image-266\" alt=\"\" srcset=\"https:\/\/www.upvcsupplier.com\/wp-content\/uploads\/2023\/11\/10003-19.jpg 800w, https:\/\/www.upvcsupplier.com\/wp-content\/uploads\/2023\/11\/10003-19-300x169.jpg 300w, https:\/\/www.upvcsupplier.com\/wp-content\/uploads\/2023\/11\/10003-19-768x433.jpg 768w, https:\/\/www.upvcsupplier.com\/wp-content\/uploads\/2023\/11\/10003-19-600x338.jpg 600w, https:\/\/www.upvcsupplier.com\/wp-content\/uploads\/2023\/11\/10003-19-150x85.jpg 150w\" sizes=\"(max-width: 800px) 100vw, 800px\" \/>\t\t\t\t\t\t\t\t\t\t\t\t\t\t\t<\/div>\n\t\t\t\t<\/div>\n\t\t\t\t\t<\/div>\n\t\t<\/div>\n\t\t\t\t\t<\/div>\n\t\t<\/section>\n\t\t\t\t<section class=\"wd-negative-gap elementor-section elementor-top-section elementor-element elementor-element-b1ecd8c elementor-section-boxed elementor-section-height-default elementor-section-height-default\" data-id=\"b1ecd8c\" data-element_type=\"section\">\n\t\t\t\t\t\t<div class=\"elementor-container elementor-column-gap-default\">\n\t\t\t\t\t<div class=\"elementor-column elementor-col-100 elementor-top-column elementor-element elementor-element-605b195\" data-id=\"605b195\" data-element_type=\"column\">\n\t\t\t<div class=\"elementor-widget-wrap\">\n\t\t\t\t\t\t\t<\/div>\n\t\t<\/div>\n\t\t\t\t\t<\/div>\n\t\t<\/section>\n\t\t\t\t<section class=\"wd-negative-gap elementor-section elementor-top-section elementor-element elementor-element-0b321df wd-section-stretch elementor-section-boxed elementor-section-height-default elementor-section-height-default\" data-id=\"0b321df\" data-element_type=\"section\" data-settings=\"{&quot;background_background&quot;:&quot;classic&quot;,&quot;background_motion_fx_motion_fx_scrolling&quot;:&quot;yes&quot;,&quot;background_motion_fx_translateY_effect&quot;:&quot;yes&quot;,&quot;background_motion_fx_translateY_speed&quot;:{&quot;unit&quot;:&quot;px&quot;,&quot;size&quot;:4,&quot;sizes&quot;:[]},&quot;background_motion_fx_translateY_affectedRange&quot;:{&quot;unit&quot;:&quot;%&quot;,&quot;size&quot;:&quot;&quot;,&quot;sizes&quot;:{&quot;start&quot;:0,&quot;end&quot;:100}},&quot;background_motion_fx_devices&quot;:[&quot;desktop&quot;,&quot;tablet&quot;,&quot;mobile&quot;]}\">\n\t\t\t\t\t\t\t<div class=\"elementor-background-overlay\"><\/div>\n\t\t\t\t\t\t\t<div class=\"elementor-container elementor-column-gap-default\">\n\t\t\t\t\t<div class=\"elementor-column elementor-col-100 elementor-top-column elementor-element elementor-element-6d4d8fe\" data-id=\"6d4d8fe\" data-element_type=\"column\">\n\t\t\t<div class=\"elementor-widget-wrap elementor-element-populated\">\n\t\t\t\t\t\t<div class=\"elementor-element elementor-element-8e2ea81 wd-width-100 elementor-widget elementor-widget-wd_title\" data-id=\"8e2ea81\" data-element_type=\"widget\" data-widget_type=\"wd_title.default\">\n\t\t\t\t<div class=\"elementor-widget-container\">\n\t\t\t\t\t\t\t<div class=\"title-wrapper wd-set-mb reset-last-child wd-title-color-primary wd-title-style-default wd-title-size-default text-center\">\n\n\t\t\t\n\t\t\t<div class=\"liner-continer\">\n\t\t\t\t<h4 class=\"woodmart-title-container title wd-fontsize-l\">ESTADO DE LA MISI\u00d3N<\/h4> \n\t\t\t\t\t\t\t<\/div>\n\n\t\t\t\t\t\t\t<div class=\"title-after_title reset-last-child wd-fontsize-xs\">\n\t\t\t\t\t<p>Visi\u00f3n corporativa:<\/p><p>1. Los productos de calidad y el servicio sincero son los aspectos fundamentales del desarrollo a largo plazo de las empresas.<\/p><p>2. Dedicados a convertirnos en un hogar feliz para nuestros empleados.<\/p><p>Misi\u00f3n:<\/p><p>Proporcionar los mejores productos y servicios y comunicarse con los clientes sinceramente.<\/p><p>Valores:<\/p><p>Servicio profesional, dedicado, sincero, diligencia debida, unidad y \u00e9xito.<\/p>\t\t\t\t<\/div>\n\t\t\t\t\t<\/div>\n\t\t\t\t\t\t<\/div>\n\t\t\t\t<\/div>\n\t\t\t\t\t<\/div>\n\t\t<\/div>\n\t\t\t\t\t<\/div>\n\t\t<\/section>\n\t\t\t\t<\/div>","protected":false},"excerpt":{"rendered":"<p>POR QU\u00c9 ELEGIRNOS Nos preocupamos por su reputaci\u00f3n Para nosotrosCon m\u00e1s de 17 a\u00f1os de experiencia, una amplia gama de productos<\/p>","protected":false},"author":1,"featured_media":0,"parent":0,"menu_order":0,"comment_status":"closed","ping_status":"closed","template":"","meta":{"footnotes":""},"class_list":["post-304","page","type-page","status-publish","hentry"],"yoast_head":"<!-- This site is optimized with the Yoast SEO plugin v21.0 - https:\/\/yoast.com\/wordpress\/plugins\/seo\/ -->\n<title>Company - XINGFA<\/title>\n<meta name=\"robots\" content=\"index, follow, max-snippet:-1, max-image-preview:large, max-video-preview:-1\" \/>\n<link rel=\"canonical\" href=\"https:\/\/www.upvcsupplier.com\/es\/company\/\" \/>\n<meta property=\"og:locale\" content=\"es_ES\" \/>\n<meta property=\"og:type\" content=\"article\" \/>\n<meta property=\"og:title\" content=\"Company - XINGFA\" \/>\n<meta property=\"og:description\" content=\"WHY CHOOSE US We Care About Your Reputation For UsWith over 17 years of expertise, a wide range of products\" \/>\n<meta property=\"og:url\" content=\"https:\/\/www.upvcsupplier.com\/es\/company\/\" \/>\n<meta property=\"og:site_name\" content=\"XINGFA\" \/>\n<meta property=\"article:modified_time\" content=\"2024-01-02T02:43:15+00:00\" \/>\n<meta property=\"og:image\" content=\"http:\/\/upvcsupplier.com\/wp-content\/uploads\/2023\/11\/10003-19.jpg\" \/>\n<meta name=\"twitter:card\" content=\"summary_large_image\" \/>\n<meta name=\"twitter:label1\" content=\"Tiempo de lectura\" \/>\n\t<meta name=\"twitter:data1\" content=\"2 minutos\" \/>\n<script type=\"application\/ld+json\" class=\"yoast-schema-graph\">{\"@context\":\"https:\/\/schema.org\",\"@graph\":[{\"@type\":\"WebPage\",\"@id\":\"https:\/\/www.upvcsupplier.com\/company\/\",\"url\":\"https:\/\/www.upvcsupplier.com\/company\/\",\"name\":\"Company - XINGFA\",\"isPartOf\":{\"@id\":\"https:\/\/www.upvcsupplier.com\/es\/#website\"},\"datePublished\":\"2023-11-22T09:34:45+00:00\",\"dateModified\":\"2024-01-02T02:43:15+00:00\",\"breadcrumb\":{\"@id\":\"https:\/\/www.upvcsupplier.com\/company\/#breadcrumb\"},\"inLanguage\":\"es\",\"potentialAction\":[{\"@type\":\"ReadAction\",\"target\":[\"https:\/\/www.upvcsupplier.com\/company\/\"]}]},{\"@type\":\"BreadcrumbList\",\"@id\":\"https:\/\/www.upvcsupplier.com\/company\/#breadcrumb\",\"itemListElement\":[{\"@type\":\"ListItem\",\"position\":1,\"name\":\"\u9996\u9875\",\"item\":\"https:\/\/www.upvcsupplier.com\/es\/\"},{\"@type\":\"ListItem\",\"position\":2,\"name\":\"Company\"}]},{\"@type\":\"WebSite\",\"@id\":\"https:\/\/www.upvcsupplier.com\/es\/#website\",\"url\":\"https:\/\/www.upvcsupplier.com\/es\/\",\"name\":\"XINGFA\",\"description\":\"XINGFA Your Trusted Plastic Roof Manufacturer\",\"potentialAction\":[{\"@type\":\"SearchAction\",\"target\":{\"@type\":\"EntryPoint\",\"urlTemplate\":\"https:\/\/www.upvcsupplier.com\/es\/?s={search_term_string}\"},\"query-input\":\"required name=search_term_string\"}],\"inLanguage\":\"es\"}]}<\/script>\n<!-- \/ Yoast SEO plugin. -->","yoast_head_json":{"title":"Company - XINGFA","robots":{"index":"index","follow":"follow","max-snippet":"max-snippet:-1","max-image-preview":"max-image-preview:large","max-video-preview":"max-video-preview:-1"},"canonical":"https:\/\/www.upvcsupplier.com\/es\/company\/","og_locale":"es_ES","og_type":"article","og_title":"Company - XINGFA","og_description":"WHY CHOOSE US We Care About Your Reputation For UsWith over 17 years of expertise, a wide range of products","og_url":"https:\/\/www.upvcsupplier.com\/es\/company\/","og_site_name":"XINGFA","article_modified_time":"2024-01-02T02:43:15+00:00","og_image":[{"url":"http:\/\/upvcsupplier.com\/wp-content\/uploads\/2023\/11\/10003-19.jpg"}],"twitter_card":"summary_large_image","twitter_misc":{"Tiempo de lectura":"2 minutos"},"schema":{"@context":"https:\/\/schema.org","@graph":[{"@type":"WebPage","@id":"https:\/\/www.upvcsupplier.com\/company\/","url":"https:\/\/www.upvcsupplier.com\/company\/","name":"Company - XINGFA","isPartOf":{"@id":"https:\/\/www.upvcsupplier.com\/es\/#website"},"datePublished":"2023-11-22T09:34:45+00:00","dateModified":"2024-01-02T02:43:15+00:00","breadcrumb":{"@id":"https:\/\/www.upvcsupplier.com\/company\/#breadcrumb"},"inLanguage":"es","potentialAction":[{"@type":"ReadAction","target":["https:\/\/www.upvcsupplier.com\/company\/"]}]},{"@type":"BreadcrumbList","@id":"https:\/\/www.upvcsupplier.com\/company\/#breadcrumb","itemListElement":[{"@type":"ListItem","position":1,"name":"\u9996\u9875","item":"https:\/\/www.upvcsupplier.com\/es\/"},{"@type":"ListItem","position":2,"name":"Company"}]},{"@type":"WebSite","@id":"https:\/\/www.upvcsupplier.com\/es\/#website","url":"https:\/\/www.upvcsupplier.com\/es\/","name":"XINGFA","description":"XINGFA Your Trusted Plastic Roof Manufacturer","potentialAction":[{"@type":"SearchAction","target":{"@type":"EntryPoint","urlTemplate":"https:\/\/www.upvcsupplier.com\/es\/?s={search_term_string}"},"query-input":"required name=search_term_string"}],"inLanguage":"es"}]}},"_links":{"self":[{"href":"https:\/\/www.upvcsupplier.com\/es\/wp-json\/wp\/v2\/pages\/304","targetHints":{"allow":["GET"]}}],"collection":[{"href":"https:\/\/www.upvcsupplier.com\/es\/wp-json\/wp\/v2\/pages"}],"about":[{"href":"https:\/\/www.upvcsupplier.com\/es\/wp-json\/wp\/v2\/types\/page"}],"author":[{"embeddable":true,"href":"https:\/\/www.upvcsupplier.com\/es\/wp-json\/wp\/v2\/users\/1"}],"replies":[{"embeddable":true,"href":"https:\/\/www.upvcsupplier.com\/es\/wp-json\/wp\/v2\/comments?post=304"}],"version-history":[{"count":16,"href":"https:\/\/www.upvcsupplier.com\/es\/wp-json\/wp\/v2\/pages\/304\/revisions"}],"predecessor-version":[{"id":2351,"href":"https:\/\/www.upvcsupplier.com\/es\/wp-json\/wp\/v2\/pages\/304\/revisions\/2351"}],"wp:attachment":[{"href":"https:\/\/www.upvcsupplier.com\/es\/wp-json\/wp\/v2\/media?parent=304"}],"curies":[{"name":"wp","href":"https:\/\/api.w.org\/{rel}","templated":true}]}}